{"id":14674,"date":"2023-03-02T15:17:52","date_gmt":"2023-03-02T15:17:52","guid":{"rendered":"https:\/\/fittingsestandar.com\/?post_type=product&#038;p=14674"},"modified":"2023-04-28T12:27:34","modified_gmt":"2023-04-28T12:27:34","slug":"pexa-evoh-3-layer","status":"publish","type":"product","link":"https:\/\/fittingsestandar.com\/en\/products\/pexa-evoh-pipes\/pexa-evoh-3-layer\/","title":{"rendered":"PEXa EVOH 3 layer"},"content":{"rendered":"","protected":false},"excerpt":{"rendered":"<ul>\n<li>PEXa EVOH cross-linked polyethylene pipe using the peroxide Xa system.<\/li>\n<li>3-Layers Oxygen diffusion Barrier.<\/li>\n<li>Made of EVOH (ethylene-vinyl alcohol) coating for oxygen diffusion resistance according to DIN 4726 \u2013 ISO 21003 and ISO 17455.<\/li>\n<li>PEXa EVOH pipes are suitable for heating installations.<\/li>\n<li>Range: \u00d8 16 to \u00d8 32 mm.<\/li>\n<li>Colors: Natural \u2013 Red \u2013 Silver \u2013 Black.<\/li>\n<li>Maximum temperature: 95\u00ba C. Minimum temperature: -40\u00ba C.<\/li>\n<li>Properties: Corrosion resistant \u2013 Excellent thermal memory \u2013 Lightweight and flexible \u2013 Alimentary use \u2013 Excellent oxygen barrier properties.<\/li>\n<\/ul>\n","protected":false},"featured_media":15094,"template":"","meta":{"content-type":"","_links_to":"","_links_to_target":""},"product_brand":[],"product_cat":[381],"product_tag":[],"class_list":{"0":"post-14674","1":"product","2":"type-product","3":"status-publish","4":"has-post-thumbnail","6":"product_cat-pexa-evoh-pipes","8":"first","9":"instock","10":"featured","11":"shipping-taxable","12":"product-type-variable"},"yoast_head":"<!-- This site is optimized with the Yoast SEO plugin v27.4 - https:\/\/yoast.com\/product\/yoast-seo-wordpress\/ -->\n<title>PEXa EVOH 3 layer - Fittings Est\u00e1ndar<\/title>\n<meta name=\"robots\" content=\"index, follow, max-snippet:-1, max-image-preview:large, max-video-preview:-1\" \/>\n<link rel=\"canonical\" href=\"https:\/\/fittingsestandar.com\/en\/products\/pexa-evoh-pipes\/pexa-evoh-3-layer\/\" \/>\n<meta property=\"og:locale\" content=\"en_US\" \/>\n<meta property=\"og:type\" content=\"article\" \/>\n<meta property=\"og:title\" content=\"PEXa EVOH 3 layer - Fittings Est\u00e1ndar\" \/>\n<meta property=\"og:description\" content=\"PEXa EVOH cross-linked polyethylene pipe using the peroxide Xa system.  3-Layers Oxygen diffusion Barrier.  Made of EVOH (ethylene-vinyl alcohol) coating for oxygen diffusion resistance according to DIN 4726 \u2013 ISO 21003 and ISO 17455.  PEXa EVOH pipes are suitable for heating installations.  Range: \u00d8 16 to \u00d8 32 mm.  Colors: Natural \u2013 Red \u2013 Silver \u2013 Black.  Maximum temperature: 95\u00ba C. Minimum temperature: -40\u00ba C.  Properties: Corrosion resistant \u2013 Excellent thermal memory \u2013 Lightweight and flexible \u2013 Alimentary use \u2013 Excellent oxygen barrier properties.\" \/>\n<meta property=\"og:url\" content=\"https:\/\/fittingsestandar.com\/en\/products\/pexa-evoh-pipes\/pexa-evoh-3-layer\/\" \/>\n<meta property=\"og:site_name\" content=\"Fittings Est\u00e1ndar\" \/>\n<meta property=\"article:publisher\" content=\"https:\/\/www.facebook.com\/Fittings-Est%c3%a1ndar-101409335247461\" \/>\n<meta property=\"article:modified_time\" content=\"2023-04-28T12:27:34+00:00\" \/>\n<meta property=\"og:image\" content=\"https:\/\/fittingsestandar.com\/wp-content\/uploads\/2023\/03\/PEXa_EVOH.jpg\" \/>\n\t<meta property=\"og:image:width\" content=\"1920\" \/>\n\t<meta property=\"og:image:height\" content=\"1080\" \/>\n\t<meta property=\"og:image:type\" content=\"image\/jpeg\" \/>\n<meta name=\"twitter:card\" content=\"summary_large_image\" \/>\n<script type=\"application\/ld+json\" class=\"yoast-schema-graph\">{\"@context\":\"https:\\\/\\\/schema.org\",\"@graph\":[{\"@type\":\"WebPage\",\"@id\":\"https:\\\/\\\/fittingsestandar.com\\\/en\\\/products\\\/pexa-evoh-pipes\\\/pexa-evoh-3-layer\\\/\",\"url\":\"https:\\\/\\\/fittingsestandar.com\\\/en\\\/products\\\/pexa-evoh-pipes\\\/pexa-evoh-3-layer\\\/\",\"name\":\"PEXa EVOH 3 layer - Fittings Est\u00e1ndar\",\"isPartOf\":{\"@id\":\"https:\\\/\\\/fittingsestandar.com\\\/#website\"},\"primaryImageOfPage\":{\"@id\":\"https:\\\/\\\/fittingsestandar.com\\\/en\\\/products\\\/pexa-evoh-pipes\\\/pexa-evoh-3-layer\\\/#primaryimage\"},\"image\":{\"@id\":\"https:\\\/\\\/fittingsestandar.com\\\/en\\\/products\\\/pexa-evoh-pipes\\\/pexa-evoh-3-layer\\\/#primaryimage\"},\"thumbnailUrl\":\"https:\\\/\\\/fittingsestandar.com\\\/wp-content\\\/uploads\\\/2023\\\/03\\\/PEXa_EVOH.jpg\",\"datePublished\":\"2023-03-02T15:17:52+00:00\",\"dateModified\":\"2023-04-28T12:27:34+00:00\",\"breadcrumb\":{\"@id\":\"https:\\\/\\\/fittingsestandar.com\\\/en\\\/products\\\/pexa-evoh-pipes\\\/pexa-evoh-3-layer\\\/#breadcrumb\"},\"inLanguage\":\"en-US\",\"potentialAction\":[{\"@type\":\"ReadAction\",\"target\":[\"https:\\\/\\\/fittingsestandar.com\\\/en\\\/products\\\/pexa-evoh-pipes\\\/pexa-evoh-3-layer\\\/\"]}]},{\"@type\":\"ImageObject\",\"inLanguage\":\"en-US\",\"@id\":\"https:\\\/\\\/fittingsestandar.com\\\/en\\\/products\\\/pexa-evoh-pipes\\\/pexa-evoh-3-layer\\\/#primaryimage\",\"url\":\"https:\\\/\\\/fittingsestandar.com\\\/wp-content\\\/uploads\\\/2023\\\/03\\\/PEXa_EVOH.jpg\",\"contentUrl\":\"https:\\\/\\\/fittingsestandar.com\\\/wp-content\\\/uploads\\\/2023\\\/03\\\/PEXa_EVOH.jpg\",\"width\":1920,\"height\":1080},{\"@type\":\"BreadcrumbList\",\"@id\":\"https:\\\/\\\/fittingsestandar.com\\\/en\\\/products\\\/pexa-evoh-pipes\\\/pexa-evoh-3-layer\\\/#breadcrumb\",\"itemListElement\":[{\"@type\":\"ListItem\",\"position\":1,\"name\":\"Inicio\",\"item\":\"https:\\\/\\\/fittingsestandar.com\\\/en\\\/\"},{\"@type\":\"ListItem\",\"position\":2,\"name\":\"Cat\u00e1logo\",\"item\":\"https:\\\/\\\/fittingsestandar.com\\\/catalogo\\\/\"},{\"@type\":\"ListItem\",\"position\":3,\"name\":\"PEXa EVOH Pipes\",\"item\":\"https:\\\/\\\/fittingsestandar.com\\\/en\\\/products\\\/categories\\\/pexa-evoh-pipes\\\/\"},{\"@type\":\"ListItem\",\"position\":4,\"name\":\"PEXa EVOH 3 layer\"}]},{\"@type\":\"WebSite\",\"@id\":\"https:\\\/\\\/fittingsestandar.com\\\/#website\",\"url\":\"https:\\\/\\\/fittingsestandar.com\\\/\",\"name\":\"Fittings Est\u00e1ndar\",\"description\":\"Fittings Est\u00e1ndar es una compa\u00f1\u00eda espa\u00f1ola l\u00edder en el dise\u00f1o y fabricaci\u00f3n de sistemas flexibles de fontaner\u00eda, calefacci\u00f3n y climatizaci\u00f3n para la instalaci\u00f3n profesional.\",\"publisher\":{\"@id\":\"https:\\\/\\\/fittingsestandar.com\\\/#organization\"},\"potentialAction\":[{\"@type\":\"SearchAction\",\"target\":{\"@type\":\"EntryPoint\",\"urlTemplate\":\"https:\\\/\\\/fittingsestandar.com\\\/?s={search_term_string}\"},\"query-input\":{\"@type\":\"PropertyValueSpecification\",\"valueRequired\":true,\"valueName\":\"search_term_string\"}}],\"inLanguage\":\"en-US\"},{\"@type\":\"Organization\",\"@id\":\"https:\\\/\\\/fittingsestandar.com\\\/#organization\",\"name\":\"Fittings Est\u00e1ndar\",\"url\":\"https:\\\/\\\/fittingsestandar.com\\\/\",\"logo\":{\"@type\":\"ImageObject\",\"inLanguage\":\"en-US\",\"@id\":\"https:\\\/\\\/fittingsestandar.com\\\/#\\\/schema\\\/logo\\\/image\\\/\",\"url\":\"https:\\\/\\\/fittingsestandar.com\\\/wp-content\\\/uploads\\\/2021\\\/05\\\/Logotipo_Color-01.jpg\",\"contentUrl\":\"https:\\\/\\\/fittingsestandar.com\\\/wp-content\\\/uploads\\\/2021\\\/05\\\/Logotipo_Color-01.jpg\",\"width\":3544,\"height\":3545,\"caption\":\"Fittings Est\u00e1ndar\"},\"image\":{\"@id\":\"https:\\\/\\\/fittingsestandar.com\\\/#\\\/schema\\\/logo\\\/image\\\/\"},\"sameAs\":[\"https:\\\/\\\/www.facebook.com\\\/Fittings-Est\u00e1ndar-101409335247461\",\"https:\\\/\\\/www.instagram.com\\\/fittingsestandar\\\/\",\"https:\\\/\\\/www.linkedin.com\\\/company\\\/fittings-estandar\"]}]}<\/script>\n<!-- \/ Yoast SEO plugin. -->","yoast_head_json":{"title":"PEXa EVOH 3 layer - Fittings Est\u00e1ndar","robots":{"index":"index","follow":"follow","max-snippet":"max-snippet:-1","max-image-preview":"max-image-preview:large","max-video-preview":"max-video-preview:-1"},"canonical":"https:\/\/fittingsestandar.com\/en\/products\/pexa-evoh-pipes\/pexa-evoh-3-layer\/","og_locale":"en_US","og_type":"article","og_title":"PEXa EVOH 3 layer - Fittings Est\u00e1ndar","og_description":"PEXa EVOH cross-linked polyethylene pipe using the peroxide Xa system.  3-Layers Oxygen diffusion Barrier.  Made of EVOH (ethylene-vinyl alcohol) coating for oxygen diffusion resistance according to DIN 4726 \u2013 ISO 21003 and ISO 17455.  PEXa EVOH pipes are suitable for heating installations.  Range: \u00d8 16 to \u00d8 32 mm.  Colors: Natural \u2013 Red \u2013 Silver \u2013 Black.  Maximum temperature: 95\u00ba C. Minimum temperature: -40\u00ba C.  Properties: Corrosion resistant \u2013 Excellent thermal memory \u2013 Lightweight and flexible \u2013 Alimentary use \u2013 Excellent oxygen barrier properties.","og_url":"https:\/\/fittingsestandar.com\/en\/products\/pexa-evoh-pipes\/pexa-evoh-3-layer\/","og_site_name":"Fittings Est\u00e1ndar","article_publisher":"https:\/\/www.facebook.com\/Fittings-Est%c3%a1ndar-101409335247461","article_modified_time":"2023-04-28T12:27:34+00:00","og_image":[{"width":1920,"height":1080,"url":"https:\/\/fittingsestandar.com\/wp-content\/uploads\/2023\/03\/PEXa_EVOH.jpg","type":"image\/jpeg"}],"twitter_card":"summary_large_image","schema":{"@context":"https:\/\/schema.org","@graph":[{"@type":"WebPage","@id":"https:\/\/fittingsestandar.com\/en\/products\/pexa-evoh-pipes\/pexa-evoh-3-layer\/","url":"https:\/\/fittingsestandar.com\/en\/products\/pexa-evoh-pipes\/pexa-evoh-3-layer\/","name":"PEXa EVOH 3 layer - Fittings Est\u00e1ndar","isPartOf":{"@id":"https:\/\/fittingsestandar.com\/#website"},"primaryImageOfPage":{"@id":"https:\/\/fittingsestandar.com\/en\/products\/pexa-evoh-pipes\/pexa-evoh-3-layer\/#primaryimage"},"image":{"@id":"https:\/\/fittingsestandar.com\/en\/products\/pexa-evoh-pipes\/pexa-evoh-3-layer\/#primaryimage"},"thumbnailUrl":"https:\/\/fittingsestandar.com\/wp-content\/uploads\/2023\/03\/PEXa_EVOH.jpg","datePublished":"2023-03-02T15:17:52+00:00","dateModified":"2023-04-28T12:27:34+00:00","breadcrumb":{"@id":"https:\/\/fittingsestandar.com\/en\/products\/pexa-evoh-pipes\/pexa-evoh-3-layer\/#breadcrumb"},"inLanguage":"en-US","potentialAction":[{"@type":"ReadAction","target":["https:\/\/fittingsestandar.com\/en\/products\/pexa-evoh-pipes\/pexa-evoh-3-layer\/"]}]},{"@type":"ImageObject","inLanguage":"en-US","@id":"https:\/\/fittingsestandar.com\/en\/products\/pexa-evoh-pipes\/pexa-evoh-3-layer\/#primaryimage","url":"https:\/\/fittingsestandar.com\/wp-content\/uploads\/2023\/03\/PEXa_EVOH.jpg","contentUrl":"https:\/\/fittingsestandar.com\/wp-content\/uploads\/2023\/03\/PEXa_EVOH.jpg","width":1920,"height":1080},{"@type":"BreadcrumbList","@id":"https:\/\/fittingsestandar.com\/en\/products\/pexa-evoh-pipes\/pexa-evoh-3-layer\/#breadcrumb","itemListElement":[{"@type":"ListItem","position":1,"name":"Inicio","item":"https:\/\/fittingsestandar.com\/en\/"},{"@type":"ListItem","position":2,"name":"Cat\u00e1logo","item":"https:\/\/fittingsestandar.com\/catalogo\/"},{"@type":"ListItem","position":3,"name":"PEXa EVOH Pipes","item":"https:\/\/fittingsestandar.com\/en\/products\/categories\/pexa-evoh-pipes\/"},{"@type":"ListItem","position":4,"name":"PEXa EVOH 3 layer"}]},{"@type":"WebSite","@id":"https:\/\/fittingsestandar.com\/#website","url":"https:\/\/fittingsestandar.com\/","name":"Fittings Est\u00e1ndar","description":"Fittings Est\u00e1ndar es una compa\u00f1\u00eda espa\u00f1ola l\u00edder en el dise\u00f1o y fabricaci\u00f3n de sistemas flexibles de fontaner\u00eda, calefacci\u00f3n y climatizaci\u00f3n para la instalaci\u00f3n profesional.","publisher":{"@id":"https:\/\/fittingsestandar.com\/#organization"},"potentialAction":[{"@type":"SearchAction","target":{"@type":"EntryPoint","urlTemplate":"https:\/\/fittingsestandar.com\/?s={search_term_string}"},"query-input":{"@type":"PropertyValueSpecification","valueRequired":true,"valueName":"search_term_string"}}],"inLanguage":"en-US"},{"@type":"Organization","@id":"https:\/\/fittingsestandar.com\/#organization","name":"Fittings Est\u00e1ndar","url":"https:\/\/fittingsestandar.com\/","logo":{"@type":"ImageObject","inLanguage":"en-US","@id":"https:\/\/fittingsestandar.com\/#\/schema\/logo\/image\/","url":"https:\/\/fittingsestandar.com\/wp-content\/uploads\/2021\/05\/Logotipo_Color-01.jpg","contentUrl":"https:\/\/fittingsestandar.com\/wp-content\/uploads\/2021\/05\/Logotipo_Color-01.jpg","width":3544,"height":3545,"caption":"Fittings Est\u00e1ndar"},"image":{"@id":"https:\/\/fittingsestandar.com\/#\/schema\/logo\/image\/"},"sameAs":["https:\/\/www.facebook.com\/Fittings-Est\u00e1ndar-101409335247461","https:\/\/www.instagram.com\/fittingsestandar\/","https:\/\/www.linkedin.com\/company\/fittings-estandar"]}]}},"_links":{"self":[{"href":"https:\/\/fittingsestandar.com\/en\/wp-json\/wp\/v2\/product\/14674","targetHints":{"allow":["GET"]}}],"collection":[{"href":"https:\/\/fittingsestandar.com\/en\/wp-json\/wp\/v2\/product"}],"about":[{"href":"https:\/\/fittingsestandar.com\/en\/wp-json\/wp\/v2\/types\/product"}],"wp:featuredmedia":[{"embeddable":true,"href":"https:\/\/fittingsestandar.com\/en\/wp-json\/wp\/v2\/media\/15094"}],"wp:attachment":[{"href":"https:\/\/fittingsestandar.com\/en\/wp-json\/wp\/v2\/media?parent=14674"}],"wp:term":[{"taxonomy":"product_brand","embeddable":true,"href":"https:\/\/fittingsestandar.com\/en\/wp-json\/wp\/v2\/product_brand?post=14674"},{"taxonomy":"product_cat","embeddable":true,"href":"https:\/\/fittingsestandar.com\/en\/wp-json\/wp\/v2\/product_cat?post=14674"},{"taxonomy":"product_tag","embeddable":true,"href":"https:\/\/fittingsestandar.com\/en\/wp-json\/wp\/v2\/product_tag?post=14674"}],"curies":[{"name":"wp","href":"https:\/\/api.w.org\/{rel}","templated":true}]}}