{"id":14354,"date":"2023-02-14T08:02:50","date_gmt":"2023-02-14T08:02:50","guid":{"rendered":"https:\/\/fittingsestandar.com\/?post_type=product&#038;p=14354"},"modified":"2023-04-28T12:32:45","modified_gmt":"2023-04-28T12:32:45","slug":"pert-evoh-5-layer","status":"publish","type":"product","link":"https:\/\/fittingsestandar.com\/en\/products\/pert-evoh-5-pipes\/pert-evoh-5-layer\/","title":{"rendered":"PERT EVOH 5 Layer"},"content":{"rendered":"","protected":false},"excerpt":{"rendered":"<ul>\n<li>PERT Type II temperature resistant polyethylene pipe.<\/li>\n<li>5-Layers Oxygen diffusion Barrier.<\/li>\n<li>Made of EVOH (ethylene-vinyl alcohol) coating for oxygen diffusion resistance according to DIN 4726 \u2013 ISO 21003 and ISO 17455.<\/li>\n<li>PERT EVOH 5 pipes are suitable for UFH (Underfloor Heating installations).<\/li>\n<li>Range: \u00d8 16 to \u00d8 20 mm.<\/li>\n<li>Colors: Natural \u2013 Red \u2013 Blue.<\/li>\n<li>Maximum temperature: 70\u00ba C. Minimum temperature: -20\u00ba C.<\/li>\n<li>Properties: Corrosion resistant \u2013 Excellent flexibility \u2013 Lightweight and flexible \u2013 Alimentary use \u2013 Excellent oxygen barrier properties.<\/li>\n<\/ul>\n","protected":false},"featured_media":15098,"template":"","meta":{"content-type":"","_links_to":"","_links_to_target":""},"product_brand":[],"product_cat":[371],"product_tag":[],"class_list":{"0":"post-14354","1":"product","2":"type-product","3":"status-publish","4":"has-post-thumbnail","6":"product_cat-pert-evoh-5-pipes","8":"first","9":"instock","10":"featured","11":"shipping-taxable","12":"product-type-variable"},"yoast_head":"<!-- This site is optimized with the Yoast SEO plugin v27.4 - https:\/\/yoast.com\/product\/yoast-seo-wordpress\/ -->\n<title>PERT EVOH 5 Layer - Fittings Est\u00e1ndar<\/title>\n<meta name=\"robots\" content=\"index, follow, max-snippet:-1, max-image-preview:large, max-video-preview:-1\" \/>\n<link rel=\"canonical\" href=\"https:\/\/fittingsestandar.com\/en\/products\/pert-evoh-5-pipes\/pert-evoh-5-layer\/\" \/>\n<meta property=\"og:locale\" content=\"en_US\" \/>\n<meta property=\"og:type\" content=\"article\" \/>\n<meta property=\"og:title\" content=\"PERT EVOH 5 Layer - Fittings Est\u00e1ndar\" \/>\n<meta property=\"og:description\" content=\"PERT Type II temperature resistant polyethylene pipe.  5-Layers Oxygen diffusion Barrier.  Made of EVOH (ethylene-vinyl alcohol) coating for oxygen diffusion resistance according to DIN 4726 \u2013 ISO 21003 and ISO 17455.  PERT EVOH 5 pipes are suitable for UFH (Underfloor Heating installations).  Range: \u00d8 16 to \u00d8 20 mm.  Colors: Natural \u2013 Red \u2013 Blue.  Maximum temperature: 70\u00ba C. Minimum temperature: -20\u00ba C.  Properties: Corrosion resistant \u2013 Excellent flexibility \u2013 Lightweight and flexible \u2013 Alimentary use \u2013 Excellent oxygen barrier properties.\" \/>\n<meta property=\"og:url\" content=\"https:\/\/fittingsestandar.com\/en\/products\/pert-evoh-5-pipes\/pert-evoh-5-layer\/\" \/>\n<meta property=\"og:site_name\" content=\"Fittings Est\u00e1ndar\" \/>\n<meta property=\"article:publisher\" content=\"https:\/\/www.facebook.com\/Fittings-Est%c3%a1ndar-101409335247461\" \/>\n<meta property=\"article:modified_time\" content=\"2023-04-28T12:32:45+00:00\" \/>\n<meta property=\"og:image\" content=\"https:\/\/fittingsestandar.com\/wp-content\/uploads\/2023\/02\/NEW.jpg\" \/>\n\t<meta property=\"og:image:width\" content=\"400\" \/>\n\t<meta property=\"og:image:height\" content=\"401\" \/>\n\t<meta property=\"og:image:type\" content=\"image\/jpeg\" \/>\n<meta name=\"twitter:card\" content=\"summary_large_image\" \/>\n<script type=\"application\/ld+json\" class=\"yoast-schema-graph\">{\"@context\":\"https:\\\/\\\/schema.org\",\"@graph\":[{\"@type\":\"WebPage\",\"@id\":\"https:\\\/\\\/fittingsestandar.com\\\/en\\\/products\\\/pert-evoh-5-pipes\\\/pert-evoh-5-layer\\\/\",\"url\":\"https:\\\/\\\/fittingsestandar.com\\\/en\\\/products\\\/pert-evoh-5-pipes\\\/pert-evoh-5-layer\\\/\",\"name\":\"PERT EVOH 5 Layer - Fittings Est\u00e1ndar\",\"isPartOf\":{\"@id\":\"https:\\\/\\\/fittingsestandar.com\\\/#website\"},\"primaryImageOfPage\":{\"@id\":\"https:\\\/\\\/fittingsestandar.com\\\/en\\\/products\\\/pert-evoh-5-pipes\\\/pert-evoh-5-layer\\\/#primaryimage\"},\"image\":{\"@id\":\"https:\\\/\\\/fittingsestandar.com\\\/en\\\/products\\\/pert-evoh-5-pipes\\\/pert-evoh-5-layer\\\/#primaryimage\"},\"thumbnailUrl\":\"https:\\\/\\\/fittingsestandar.com\\\/wp-content\\\/uploads\\\/2023\\\/02\\\/NEW.jpg\",\"datePublished\":\"2023-02-14T08:02:50+00:00\",\"dateModified\":\"2023-04-28T12:32:45+00:00\",\"breadcrumb\":{\"@id\":\"https:\\\/\\\/fittingsestandar.com\\\/en\\\/products\\\/pert-evoh-5-pipes\\\/pert-evoh-5-layer\\\/#breadcrumb\"},\"inLanguage\":\"en-US\",\"potentialAction\":[{\"@type\":\"ReadAction\",\"target\":[\"https:\\\/\\\/fittingsestandar.com\\\/en\\\/products\\\/pert-evoh-5-pipes\\\/pert-evoh-5-layer\\\/\"]}]},{\"@type\":\"ImageObject\",\"inLanguage\":\"en-US\",\"@id\":\"https:\\\/\\\/fittingsestandar.com\\\/en\\\/products\\\/pert-evoh-5-pipes\\\/pert-evoh-5-layer\\\/#primaryimage\",\"url\":\"https:\\\/\\\/fittingsestandar.com\\\/wp-content\\\/uploads\\\/2023\\\/02\\\/NEW.jpg\",\"contentUrl\":\"https:\\\/\\\/fittingsestandar.com\\\/wp-content\\\/uploads\\\/2023\\\/02\\\/NEW.jpg\",\"width\":400,\"height\":401},{\"@type\":\"BreadcrumbList\",\"@id\":\"https:\\\/\\\/fittingsestandar.com\\\/en\\\/products\\\/pert-evoh-5-pipes\\\/pert-evoh-5-layer\\\/#breadcrumb\",\"itemListElement\":[{\"@type\":\"ListItem\",\"position\":1,\"name\":\"Inicio\",\"item\":\"https:\\\/\\\/fittingsestandar.com\\\/en\\\/\"},{\"@type\":\"ListItem\",\"position\":2,\"name\":\"Cat\u00e1logo\",\"item\":\"https:\\\/\\\/fittingsestandar.com\\\/catalogo\\\/\"},{\"@type\":\"ListItem\",\"position\":3,\"name\":\"PERT EVOH 5 Pipes\",\"item\":\"https:\\\/\\\/fittingsestandar.com\\\/en\\\/products\\\/categories\\\/pert-evoh-5-pipes\\\/\"},{\"@type\":\"ListItem\",\"position\":4,\"name\":\"PERT EVOH 5 Layer\"}]},{\"@type\":\"WebSite\",\"@id\":\"https:\\\/\\\/fittingsestandar.com\\\/#website\",\"url\":\"https:\\\/\\\/fittingsestandar.com\\\/\",\"name\":\"Fittings Est\u00e1ndar\",\"description\":\"Fittings Est\u00e1ndar es una compa\u00f1\u00eda espa\u00f1ola l\u00edder en el dise\u00f1o y fabricaci\u00f3n de sistemas flexibles de fontaner\u00eda, calefacci\u00f3n y climatizaci\u00f3n para la instalaci\u00f3n profesional.\",\"publisher\":{\"@id\":\"https:\\\/\\\/fittingsestandar.com\\\/#organization\"},\"potentialAction\":[{\"@type\":\"SearchAction\",\"target\":{\"@type\":\"EntryPoint\",\"urlTemplate\":\"https:\\\/\\\/fittingsestandar.com\\\/?s={search_term_string}\"},\"query-input\":{\"@type\":\"PropertyValueSpecification\",\"valueRequired\":true,\"valueName\":\"search_term_string\"}}],\"inLanguage\":\"en-US\"},{\"@type\":\"Organization\",\"@id\":\"https:\\\/\\\/fittingsestandar.com\\\/#organization\",\"name\":\"Fittings Est\u00e1ndar\",\"url\":\"https:\\\/\\\/fittingsestandar.com\\\/\",\"logo\":{\"@type\":\"ImageObject\",\"inLanguage\":\"en-US\",\"@id\":\"https:\\\/\\\/fittingsestandar.com\\\/#\\\/schema\\\/logo\\\/image\\\/\",\"url\":\"https:\\\/\\\/fittingsestandar.com\\\/wp-content\\\/uploads\\\/2021\\\/05\\\/Logotipo_Color-01.jpg\",\"contentUrl\":\"https:\\\/\\\/fittingsestandar.com\\\/wp-content\\\/uploads\\\/2021\\\/05\\\/Logotipo_Color-01.jpg\",\"width\":3544,\"height\":3545,\"caption\":\"Fittings Est\u00e1ndar\"},\"image\":{\"@id\":\"https:\\\/\\\/fittingsestandar.com\\\/#\\\/schema\\\/logo\\\/image\\\/\"},\"sameAs\":[\"https:\\\/\\\/www.facebook.com\\\/Fittings-Est\u00e1ndar-101409335247461\",\"https:\\\/\\\/www.instagram.com\\\/fittingsestandar\\\/\",\"https:\\\/\\\/www.linkedin.com\\\/company\\\/fittings-estandar\"]}]}<\/script>\n<!-- \/ Yoast SEO plugin. -->","yoast_head_json":{"title":"PERT EVOH 5 Layer - Fittings Est\u00e1ndar","robots":{"index":"index","follow":"follow","max-snippet":"max-snippet:-1","max-image-preview":"max-image-preview:large","max-video-preview":"max-video-preview:-1"},"canonical":"https:\/\/fittingsestandar.com\/en\/products\/pert-evoh-5-pipes\/pert-evoh-5-layer\/","og_locale":"en_US","og_type":"article","og_title":"PERT EVOH 5 Layer - Fittings Est\u00e1ndar","og_description":"PERT Type II temperature resistant polyethylene pipe.  5-Layers Oxygen diffusion Barrier.  Made of EVOH (ethylene-vinyl alcohol) coating for oxygen diffusion resistance according to DIN 4726 \u2013 ISO 21003 and ISO 17455.  PERT EVOH 5 pipes are suitable for UFH (Underfloor Heating installations).  Range: \u00d8 16 to \u00d8 20 mm.  Colors: Natural \u2013 Red \u2013 Blue.  Maximum temperature: 70\u00ba C. Minimum temperature: -20\u00ba C.  Properties: Corrosion resistant \u2013 Excellent flexibility \u2013 Lightweight and flexible \u2013 Alimentary use \u2013 Excellent oxygen barrier properties.","og_url":"https:\/\/fittingsestandar.com\/en\/products\/pert-evoh-5-pipes\/pert-evoh-5-layer\/","og_site_name":"Fittings Est\u00e1ndar","article_publisher":"https:\/\/www.facebook.com\/Fittings-Est%c3%a1ndar-101409335247461","article_modified_time":"2023-04-28T12:32:45+00:00","og_image":[{"width":400,"height":401,"url":"https:\/\/fittingsestandar.com\/wp-content\/uploads\/2023\/02\/NEW.jpg","type":"image\/jpeg"}],"twitter_card":"summary_large_image","schema":{"@context":"https:\/\/schema.org","@graph":[{"@type":"WebPage","@id":"https:\/\/fittingsestandar.com\/en\/products\/pert-evoh-5-pipes\/pert-evoh-5-layer\/","url":"https:\/\/fittingsestandar.com\/en\/products\/pert-evoh-5-pipes\/pert-evoh-5-layer\/","name":"PERT EVOH 5 Layer - Fittings Est\u00e1ndar","isPartOf":{"@id":"https:\/\/fittingsestandar.com\/#website"},"primaryImageOfPage":{"@id":"https:\/\/fittingsestandar.com\/en\/products\/pert-evoh-5-pipes\/pert-evoh-5-layer\/#primaryimage"},"image":{"@id":"https:\/\/fittingsestandar.com\/en\/products\/pert-evoh-5-pipes\/pert-evoh-5-layer\/#primaryimage"},"thumbnailUrl":"https:\/\/fittingsestandar.com\/wp-content\/uploads\/2023\/02\/NEW.jpg","datePublished":"2023-02-14T08:02:50+00:00","dateModified":"2023-04-28T12:32:45+00:00","breadcrumb":{"@id":"https:\/\/fittingsestandar.com\/en\/products\/pert-evoh-5-pipes\/pert-evoh-5-layer\/#breadcrumb"},"inLanguage":"en-US","potentialAction":[{"@type":"ReadAction","target":["https:\/\/fittingsestandar.com\/en\/products\/pert-evoh-5-pipes\/pert-evoh-5-layer\/"]}]},{"@type":"ImageObject","inLanguage":"en-US","@id":"https:\/\/fittingsestandar.com\/en\/products\/pert-evoh-5-pipes\/pert-evoh-5-layer\/#primaryimage","url":"https:\/\/fittingsestandar.com\/wp-content\/uploads\/2023\/02\/NEW.jpg","contentUrl":"https:\/\/fittingsestandar.com\/wp-content\/uploads\/2023\/02\/NEW.jpg","width":400,"height":401},{"@type":"BreadcrumbList","@id":"https:\/\/fittingsestandar.com\/en\/products\/pert-evoh-5-pipes\/pert-evoh-5-layer\/#breadcrumb","itemListElement":[{"@type":"ListItem","position":1,"name":"Inicio","item":"https:\/\/fittingsestandar.com\/en\/"},{"@type":"ListItem","position":2,"name":"Cat\u00e1logo","item":"https:\/\/fittingsestandar.com\/catalogo\/"},{"@type":"ListItem","position":3,"name":"PERT EVOH 5 Pipes","item":"https:\/\/fittingsestandar.com\/en\/products\/categories\/pert-evoh-5-pipes\/"},{"@type":"ListItem","position":4,"name":"PERT EVOH 5 Layer"}]},{"@type":"WebSite","@id":"https:\/\/fittingsestandar.com\/#website","url":"https:\/\/fittingsestandar.com\/","name":"Fittings Est\u00e1ndar","description":"Fittings Est\u00e1ndar es una compa\u00f1\u00eda espa\u00f1ola l\u00edder en el dise\u00f1o y fabricaci\u00f3n de sistemas flexibles de fontaner\u00eda, calefacci\u00f3n y climatizaci\u00f3n para la instalaci\u00f3n profesional.","publisher":{"@id":"https:\/\/fittingsestandar.com\/#organization"},"potentialAction":[{"@type":"SearchAction","target":{"@type":"EntryPoint","urlTemplate":"https:\/\/fittingsestandar.com\/?s={search_term_string}"},"query-input":{"@type":"PropertyValueSpecification","valueRequired":true,"valueName":"search_term_string"}}],"inLanguage":"en-US"},{"@type":"Organization","@id":"https:\/\/fittingsestandar.com\/#organization","name":"Fittings Est\u00e1ndar","url":"https:\/\/fittingsestandar.com\/","logo":{"@type":"ImageObject","inLanguage":"en-US","@id":"https:\/\/fittingsestandar.com\/#\/schema\/logo\/image\/","url":"https:\/\/fittingsestandar.com\/wp-content\/uploads\/2021\/05\/Logotipo_Color-01.jpg","contentUrl":"https:\/\/fittingsestandar.com\/wp-content\/uploads\/2021\/05\/Logotipo_Color-01.jpg","width":3544,"height":3545,"caption":"Fittings Est\u00e1ndar"},"image":{"@id":"https:\/\/fittingsestandar.com\/#\/schema\/logo\/image\/"},"sameAs":["https:\/\/www.facebook.com\/Fittings-Est\u00e1ndar-101409335247461","https:\/\/www.instagram.com\/fittingsestandar\/","https:\/\/www.linkedin.com\/company\/fittings-estandar"]}]}},"_links":{"self":[{"href":"https:\/\/fittingsestandar.com\/en\/wp-json\/wp\/v2\/product\/14354","targetHints":{"allow":["GET"]}}],"collection":[{"href":"https:\/\/fittingsestandar.com\/en\/wp-json\/wp\/v2\/product"}],"about":[{"href":"https:\/\/fittingsestandar.com\/en\/wp-json\/wp\/v2\/types\/product"}],"wp:featuredmedia":[{"embeddable":true,"href":"https:\/\/fittingsestandar.com\/en\/wp-json\/wp\/v2\/media\/15098"}],"wp:attachment":[{"href":"https:\/\/fittingsestandar.com\/en\/wp-json\/wp\/v2\/media?parent=14354"}],"wp:term":[{"taxonomy":"product_brand","embeddable":true,"href":"https:\/\/fittingsestandar.com\/en\/wp-json\/wp\/v2\/product_brand?post=14354"},{"taxonomy":"product_cat","embeddable":true,"href":"https:\/\/fittingsestandar.com\/en\/wp-json\/wp\/v2\/product_cat?post=14354"},{"taxonomy":"product_tag","embeddable":true,"href":"https:\/\/fittingsestandar.com\/en\/wp-json\/wp\/v2\/product_tag?post=14354"}],"curies":[{"name":"wp","href":"https:\/\/api.w.org\/{rel}","templated":true}]}}