{"id":13893,"date":"2023-02-12T19:03:33","date_gmt":"2023-02-12T19:03:33","guid":{"rendered":"https:\/\/fittingsestandar.com\/?post_type=product&#038;p=13893"},"modified":"2023-03-07T11:56:12","modified_gmt":"2023-03-07T11:56:12","slug":"swivel-fitting-with-female-thread-brass-4","status":"publish","type":"product","link":"https:\/\/fittingsestandar.com\/en\/products\/axial-fittings\/swivel-fitting-with-female-thread-brass-4\/","title":{"rendered":"Swivel Fitting with Female Thread BRASS"},"content":{"rendered":"","protected":false},"excerpt":{"rendered":"<ul>\n<li>Axial Fittings is a Sliding Sleeve system.<\/li>\n<li>Designed with body insert that allows a turn of the fitting once installed, maintaining all its characteristics without losing the water tightness.<\/li>\n<li>Made of CW617N brass, compatible with PEXa and PEXa EVOH pipes.<\/li>\n<li>Full compatibility with commercially available tools.<\/li>\n<li>Range: \u00d8 16 to \u00d8 32 mm.<\/li>\n<li>Maximum temperature: 95\u00ba C.<\/li>\n<li>* Other brass alloys on request (602N DZR \u2013 CW511\u2026).<\/li>\n<\/ul>\n","protected":false},"featured_media":12522,"template":"","meta":{"content-type":"","_links_to":"","_links_to_target":""},"product_brand":[],"product_cat":[365],"product_tag":[],"class_list":{"0":"post-13893","1":"product","2":"type-product","3":"status-publish","4":"has-post-thumbnail","6":"product_cat-axial-fittings","8":"first","9":"instock","10":"shipping-taxable","11":"product-type-variable"},"yoast_head":"<!-- This site is optimized with the Yoast SEO plugin v26.8 - https:\/\/yoast.com\/product\/yoast-seo-wordpress\/ -->\n<title>Swivel Fitting with Female Thread BRASS - Fittings Est\u00e1ndar<\/title>\n<meta name=\"description\" content=\"-1220\" \/>\n<meta name=\"robots\" content=\"index, follow, max-snippet:-1, max-image-preview:large, max-video-preview:-1\" \/>\n<link rel=\"canonical\" href=\"https:\/\/fittingsestandar.com\/en\/products\/axial-fittings\/swivel-fitting-with-female-thread-brass-4\/\" \/>\n<meta property=\"og:locale\" content=\"en_US\" \/>\n<meta property=\"og:type\" content=\"article\" \/>\n<meta property=\"og:title\" content=\"Swivel Fitting with Female Thread BRASS - Fittings Est\u00e1ndar\" \/>\n<meta property=\"og:description\" content=\"-1220\" \/>\n<meta property=\"og:url\" content=\"https:\/\/fittingsestandar.com\/en\/products\/axial-fittings\/swivel-fitting-with-female-thread-brass-4\/\" \/>\n<meta property=\"og:site_name\" content=\"Fittings Est\u00e1ndar\" \/>\n<meta property=\"article:publisher\" content=\"https:\/\/www.facebook.com\/Fittings-Est%c3%a1ndar-101409335247461\" \/>\n<meta property=\"article:modified_time\" content=\"2023-03-07T11:56:12+00:00\" \/>\n<meta property=\"og:image\" content=\"https:\/\/fittingsestandar.com\/wp-content\/uploads\/2021\/07\/RMV20RACOR20MOVIL20.jpg\" \/>\n\t<meta property=\"og:image:width\" content=\"2000\" \/>\n\t<meta property=\"og:image:height\" content=\"2000\" \/>\n\t<meta property=\"og:image:type\" content=\"image\/jpeg\" \/>\n<meta name=\"twitter:card\" content=\"summary_large_image\" \/>\n<script type=\"application\/ld+json\" class=\"yoast-schema-graph\">{\"@context\":\"https:\/\/schema.org\",\"@graph\":[{\"@type\":\"WebPage\",\"@id\":\"https:\/\/fittingsestandar.com\/en\/products\/axial-fittings\/swivel-fitting-with-female-thread-brass-4\/\",\"url\":\"https:\/\/fittingsestandar.com\/en\/products\/axial-fittings\/swivel-fitting-with-female-thread-brass-4\/\",\"name\":\"Swivel Fitting with Female Thread BRASS - Fittings Est\u00e1ndar\",\"isPartOf\":{\"@id\":\"https:\/\/fittingsestandar.com\/#website\"},\"primaryImageOfPage\":{\"@id\":\"https:\/\/fittingsestandar.com\/en\/products\/axial-fittings\/swivel-fitting-with-female-thread-brass-4\/#primaryimage\"},\"image\":{\"@id\":\"https:\/\/fittingsestandar.com\/en\/products\/axial-fittings\/swivel-fitting-with-female-thread-brass-4\/#primaryimage\"},\"thumbnailUrl\":\"https:\/\/fittingsestandar.com\/wp-content\/uploads\/2021\/07\/RMV20RACOR20MOVIL20.jpg\",\"datePublished\":\"2023-02-12T19:03:33+00:00\",\"dateModified\":\"2023-03-07T11:56:12+00:00\",\"description\":\"-1220\",\"breadcrumb\":{\"@id\":\"https:\/\/fittingsestandar.com\/en\/products\/axial-fittings\/swivel-fitting-with-female-thread-brass-4\/#breadcrumb\"},\"inLanguage\":\"en-US\",\"potentialAction\":[{\"@type\":\"ReadAction\",\"target\":[\"https:\/\/fittingsestandar.com\/en\/products\/axial-fittings\/swivel-fitting-with-female-thread-brass-4\/\"]}]},{\"@type\":\"ImageObject\",\"inLanguage\":\"en-US\",\"@id\":\"https:\/\/fittingsestandar.com\/en\/products\/axial-fittings\/swivel-fitting-with-female-thread-brass-4\/#primaryimage\",\"url\":\"https:\/\/fittingsestandar.com\/wp-content\/uploads\/2021\/07\/RMV20RACOR20MOVIL20.jpg\",\"contentUrl\":\"https:\/\/fittingsestandar.com\/wp-content\/uploads\/2021\/07\/RMV20RACOR20MOVIL20.jpg\",\"width\":2000,\"height\":2000},{\"@type\":\"BreadcrumbList\",\"@id\":\"https:\/\/fittingsestandar.com\/en\/products\/axial-fittings\/swivel-fitting-with-female-thread-brass-4\/#breadcrumb\",\"itemListElement\":[{\"@type\":\"ListItem\",\"position\":1,\"name\":\"Inicio\",\"item\":\"https:\/\/fittingsestandar.com\/en\/\"},{\"@type\":\"ListItem\",\"position\":2,\"name\":\"Cat\u00e1logo\",\"item\":\"https:\/\/fittingsestandar.com\/catalogo\/\"},{\"@type\":\"ListItem\",\"position\":3,\"name\":\"Axial Fittings\",\"item\":\"https:\/\/fittingsestandar.com\/en\/products\/categories\/axial-fittings\/\"},{\"@type\":\"ListItem\",\"position\":4,\"name\":\"Swivel Fitting with Female Thread BRASS\"}]},{\"@type\":\"WebSite\",\"@id\":\"https:\/\/fittingsestandar.com\/#website\",\"url\":\"https:\/\/fittingsestandar.com\/\",\"name\":\"Fittings Est\u00e1ndar\",\"description\":\"Fittings Est\u00e1ndar es una compa\u00f1\u00eda espa\u00f1ola l\u00edder en el dise\u00f1o y fabricaci\u00f3n de sistemas flexibles de fontaner\u00eda, calefacci\u00f3n y climatizaci\u00f3n para la instalaci\u00f3n profesional.\",\"publisher\":{\"@id\":\"https:\/\/fittingsestandar.com\/#organization\"},\"potentialAction\":[{\"@type\":\"SearchAction\",\"target\":{\"@type\":\"EntryPoint\",\"urlTemplate\":\"https:\/\/fittingsestandar.com\/?s={search_term_string}\"},\"query-input\":{\"@type\":\"PropertyValueSpecification\",\"valueRequired\":true,\"valueName\":\"search_term_string\"}}],\"inLanguage\":\"en-US\"},{\"@type\":\"Organization\",\"@id\":\"https:\/\/fittingsestandar.com\/#organization\",\"name\":\"Fittings Est\u00e1ndar\",\"url\":\"https:\/\/fittingsestandar.com\/\",\"logo\":{\"@type\":\"ImageObject\",\"inLanguage\":\"en-US\",\"@id\":\"https:\/\/fittingsestandar.com\/#\/schema\/logo\/image\/\",\"url\":\"https:\/\/fittingsestandar.com\/wp-content\/uploads\/2021\/05\/Logotipo_Color-01.jpg\",\"contentUrl\":\"https:\/\/fittingsestandar.com\/wp-content\/uploads\/2021\/05\/Logotipo_Color-01.jpg\",\"width\":3544,\"height\":3545,\"caption\":\"Fittings Est\u00e1ndar\"},\"image\":{\"@id\":\"https:\/\/fittingsestandar.com\/#\/schema\/logo\/image\/\"},\"sameAs\":[\"https:\/\/www.facebook.com\/Fittings-Est\u00e1ndar-101409335247461\",\"https:\/\/www.instagram.com\/fittingsestandar\/\",\"https:\/\/www.linkedin.com\/company\/fittings-estandar\"]}]}<\/script>\n<!-- \/ Yoast SEO plugin. -->","yoast_head_json":{"title":"Swivel Fitting with Female Thread BRASS - Fittings Est\u00e1ndar","description":"-1220","robots":{"index":"index","follow":"follow","max-snippet":"max-snippet:-1","max-image-preview":"max-image-preview:large","max-video-preview":"max-video-preview:-1"},"canonical":"https:\/\/fittingsestandar.com\/en\/products\/axial-fittings\/swivel-fitting-with-female-thread-brass-4\/","og_locale":"en_US","og_type":"article","og_title":"Swivel Fitting with Female Thread BRASS - Fittings Est\u00e1ndar","og_description":"-1220","og_url":"https:\/\/fittingsestandar.com\/en\/products\/axial-fittings\/swivel-fitting-with-female-thread-brass-4\/","og_site_name":"Fittings Est\u00e1ndar","article_publisher":"https:\/\/www.facebook.com\/Fittings-Est%c3%a1ndar-101409335247461","article_modified_time":"2023-03-07T11:56:12+00:00","og_image":[{"width":2000,"height":2000,"url":"https:\/\/fittingsestandar.com\/wp-content\/uploads\/2021\/07\/RMV20RACOR20MOVIL20.jpg","type":"image\/jpeg"}],"twitter_card":"summary_large_image","schema":{"@context":"https:\/\/schema.org","@graph":[{"@type":"WebPage","@id":"https:\/\/fittingsestandar.com\/en\/products\/axial-fittings\/swivel-fitting-with-female-thread-brass-4\/","url":"https:\/\/fittingsestandar.com\/en\/products\/axial-fittings\/swivel-fitting-with-female-thread-brass-4\/","name":"Swivel Fitting with Female Thread BRASS - Fittings Est\u00e1ndar","isPartOf":{"@id":"https:\/\/fittingsestandar.com\/#website"},"primaryImageOfPage":{"@id":"https:\/\/fittingsestandar.com\/en\/products\/axial-fittings\/swivel-fitting-with-female-thread-brass-4\/#primaryimage"},"image":{"@id":"https:\/\/fittingsestandar.com\/en\/products\/axial-fittings\/swivel-fitting-with-female-thread-brass-4\/#primaryimage"},"thumbnailUrl":"https:\/\/fittingsestandar.com\/wp-content\/uploads\/2021\/07\/RMV20RACOR20MOVIL20.jpg","datePublished":"2023-02-12T19:03:33+00:00","dateModified":"2023-03-07T11:56:12+00:00","description":"-1220","breadcrumb":{"@id":"https:\/\/fittingsestandar.com\/en\/products\/axial-fittings\/swivel-fitting-with-female-thread-brass-4\/#breadcrumb"},"inLanguage":"en-US","potentialAction":[{"@type":"ReadAction","target":["https:\/\/fittingsestandar.com\/en\/products\/axial-fittings\/swivel-fitting-with-female-thread-brass-4\/"]}]},{"@type":"ImageObject","inLanguage":"en-US","@id":"https:\/\/fittingsestandar.com\/en\/products\/axial-fittings\/swivel-fitting-with-female-thread-brass-4\/#primaryimage","url":"https:\/\/fittingsestandar.com\/wp-content\/uploads\/2021\/07\/RMV20RACOR20MOVIL20.jpg","contentUrl":"https:\/\/fittingsestandar.com\/wp-content\/uploads\/2021\/07\/RMV20RACOR20MOVIL20.jpg","width":2000,"height":2000},{"@type":"BreadcrumbList","@id":"https:\/\/fittingsestandar.com\/en\/products\/axial-fittings\/swivel-fitting-with-female-thread-brass-4\/#breadcrumb","itemListElement":[{"@type":"ListItem","position":1,"name":"Inicio","item":"https:\/\/fittingsestandar.com\/en\/"},{"@type":"ListItem","position":2,"name":"Cat\u00e1logo","item":"https:\/\/fittingsestandar.com\/catalogo\/"},{"@type":"ListItem","position":3,"name":"Axial Fittings","item":"https:\/\/fittingsestandar.com\/en\/products\/categories\/axial-fittings\/"},{"@type":"ListItem","position":4,"name":"Swivel Fitting with Female Thread BRASS"}]},{"@type":"WebSite","@id":"https:\/\/fittingsestandar.com\/#website","url":"https:\/\/fittingsestandar.com\/","name":"Fittings Est\u00e1ndar","description":"Fittings Est\u00e1ndar es una compa\u00f1\u00eda espa\u00f1ola l\u00edder en el dise\u00f1o y fabricaci\u00f3n de sistemas flexibles de fontaner\u00eda, calefacci\u00f3n y climatizaci\u00f3n para la instalaci\u00f3n profesional.","publisher":{"@id":"https:\/\/fittingsestandar.com\/#organization"},"potentialAction":[{"@type":"SearchAction","target":{"@type":"EntryPoint","urlTemplate":"https:\/\/fittingsestandar.com\/?s={search_term_string}"},"query-input":{"@type":"PropertyValueSpecification","valueRequired":true,"valueName":"search_term_string"}}],"inLanguage":"en-US"},{"@type":"Organization","@id":"https:\/\/fittingsestandar.com\/#organization","name":"Fittings Est\u00e1ndar","url":"https:\/\/fittingsestandar.com\/","logo":{"@type":"ImageObject","inLanguage":"en-US","@id":"https:\/\/fittingsestandar.com\/#\/schema\/logo\/image\/","url":"https:\/\/fittingsestandar.com\/wp-content\/uploads\/2021\/05\/Logotipo_Color-01.jpg","contentUrl":"https:\/\/fittingsestandar.com\/wp-content\/uploads\/2021\/05\/Logotipo_Color-01.jpg","width":3544,"height":3545,"caption":"Fittings Est\u00e1ndar"},"image":{"@id":"https:\/\/fittingsestandar.com\/#\/schema\/logo\/image\/"},"sameAs":["https:\/\/www.facebook.com\/Fittings-Est\u00e1ndar-101409335247461","https:\/\/www.instagram.com\/fittingsestandar\/","https:\/\/www.linkedin.com\/company\/fittings-estandar"]}]}},"_links":{"self":[{"href":"https:\/\/fittingsestandar.com\/en\/wp-json\/wp\/v2\/product\/13893","targetHints":{"allow":["GET"]}}],"collection":[{"href":"https:\/\/fittingsestandar.com\/en\/wp-json\/wp\/v2\/product"}],"about":[{"href":"https:\/\/fittingsestandar.com\/en\/wp-json\/wp\/v2\/types\/product"}],"wp:featuredmedia":[{"embeddable":true,"href":"https:\/\/fittingsestandar.com\/en\/wp-json\/wp\/v2\/media\/12522"}],"wp:attachment":[{"href":"https:\/\/fittingsestandar.com\/en\/wp-json\/wp\/v2\/media?parent=13893"}],"wp:term":[{"taxonomy":"product_brand","embeddable":true,"href":"https:\/\/fittingsestandar.com\/en\/wp-json\/wp\/v2\/product_brand?post=13893"},{"taxonomy":"product_cat","embeddable":true,"href":"https:\/\/fittingsestandar.com\/en\/wp-json\/wp\/v2\/product_cat?post=13893"},{"taxonomy":"product_tag","embeddable":true,"href":"https:\/\/fittingsestandar.com\/en\/wp-json\/wp\/v2\/product_tag?post=13893"}],"curies":[{"name":"wp","href":"https:\/\/api.w.org\/{rel}","templated":true}]}}