{"id":13603,"date":"2023-02-08T20:07:17","date_gmt":"2023-02-08T20:07:17","guid":{"rendered":"https:\/\/fittingsestandar.com\/?post_type=product&#038;p=13603"},"modified":"2023-03-09T09:11:14","modified_gmt":"2023-03-09T09:11:14","slug":"manifold-brass-2","status":"publish","type":"product","link":"https:\/\/fittingsestandar.com\/en\/products\/expansion-ring-fittings\/manifold-brass-2\/","title":{"rendered":"Manifold BRASS"},"content":{"rendered":"","protected":false},"excerpt":{"rendered":"<ul>\n<li>Expansion Ring fittings are developed based on a method where a PEXa and PEXa EVOH pipes are gradually expanded with a special ring fitted on the outside, and then allowing it to shrink back onto a fitting nipple.<\/li>\n<li>Made of PPSU (Polyphenylsulfone) and CW617N brass, compatible with PEXa and PEXa EVOH pipes.<\/li>\n<li>Range: \u00d8 16 to \u00d8 32 mm.<\/li>\n<li>Colors: Black body and Blue + Red rings.<\/li>\n<li>Maximum temperature: 95\u00ba C.<\/li>\n<li>* Other brass alloys on request (602N DZR \u2013 CW511\u2026).<\/li>\n<\/ul>\n","protected":false},"featured_media":12569,"template":"","meta":{"content-type":"","_links_to":"","_links_to_target":""},"product_brand":[],"product_cat":[354],"product_tag":[],"class_list":{"0":"post-13603","1":"product","2":"type-product","3":"status-publish","4":"has-post-thumbnail","6":"product_cat-expansion-ring-fittings","8":"first","9":"instock","10":"shipping-taxable","11":"product-type-variable"},"yoast_head":"<!-- This site is optimized with the Yoast SEO plugin v26.8 - https:\/\/yoast.com\/product\/yoast-seo-wordpress\/ -->\n<title>Manifold BRASS - Fittings Est\u00e1ndar<\/title>\n<meta name=\"robots\" content=\"index, follow, max-snippet:-1, max-image-preview:large, max-video-preview:-1\" \/>\n<link rel=\"canonical\" href=\"https:\/\/fittingsestandar.com\/en\/products\/expansion-ring-fittings\/manifold-brass-2\/\" \/>\n<meta property=\"og:locale\" content=\"en_US\" \/>\n<meta property=\"og:type\" content=\"article\" \/>\n<meta property=\"og:title\" content=\"Manifold BRASS - Fittings Est\u00e1ndar\" \/>\n<meta property=\"og:description\" content=\"Expansion Ring fittings are developed based on a method where a PEXa and PEXa EVOH pipes are gradually expanded with a special ring fitted on the outside, and then allowing it to shrink back onto a fitting nipple.  Made of PPSU (Polyphenylsulfone) and CW617N brass, compatible with PEXa and PEXa EVOH pipes.  Range: \u00d8 16 to \u00d8 32 mm.  Colors: Black body and Blue + Red rings.  Maximum temperature: 95\u00ba C.  * Other brass alloys on request (602N DZR \u2013 CW511\u2026).\" \/>\n<meta property=\"og:url\" content=\"https:\/\/fittingsestandar.com\/en\/products\/expansion-ring-fittings\/manifold-brass-2\/\" \/>\n<meta property=\"og:site_name\" content=\"Fittings Est\u00e1ndar\" \/>\n<meta property=\"article:publisher\" content=\"https:\/\/www.facebook.com\/Fittings-Est%c3%a1ndar-101409335247461\" \/>\n<meta property=\"article:modified_time\" content=\"2023-03-09T09:11:14+00:00\" \/>\n<meta property=\"og:image\" content=\"https:\/\/fittingsestandar.com\/wp-content\/uploads\/2021\/07\/RFDIS20DISTRIBUIDOR20-e1643111591721.jpg\" \/>\n\t<meta property=\"og:image:width\" content=\"1000\" \/>\n\t<meta property=\"og:image:height\" content=\"1000\" \/>\n\t<meta property=\"og:image:type\" content=\"image\/jpeg\" \/>\n<meta name=\"twitter:card\" content=\"summary_large_image\" \/>\n<script type=\"application\/ld+json\" class=\"yoast-schema-graph\">{\"@context\":\"https:\/\/schema.org\",\"@graph\":[{\"@type\":\"WebPage\",\"@id\":\"https:\/\/fittingsestandar.com\/en\/products\/expansion-ring-fittings\/manifold-brass-2\/\",\"url\":\"https:\/\/fittingsestandar.com\/en\/products\/expansion-ring-fittings\/manifold-brass-2\/\",\"name\":\"Manifold BRASS - Fittings Est\u00e1ndar\",\"isPartOf\":{\"@id\":\"https:\/\/fittingsestandar.com\/#website\"},\"primaryImageOfPage\":{\"@id\":\"https:\/\/fittingsestandar.com\/en\/products\/expansion-ring-fittings\/manifold-brass-2\/#primaryimage\"},\"image\":{\"@id\":\"https:\/\/fittingsestandar.com\/en\/products\/expansion-ring-fittings\/manifold-brass-2\/#primaryimage\"},\"thumbnailUrl\":\"https:\/\/fittingsestandar.com\/wp-content\/uploads\/2021\/07\/RFDIS20DISTRIBUIDOR20-e1643111591721.jpg\",\"datePublished\":\"2023-02-08T20:07:17+00:00\",\"dateModified\":\"2023-03-09T09:11:14+00:00\",\"breadcrumb\":{\"@id\":\"https:\/\/fittingsestandar.com\/en\/products\/expansion-ring-fittings\/manifold-brass-2\/#breadcrumb\"},\"inLanguage\":\"en-US\",\"potentialAction\":[{\"@type\":\"ReadAction\",\"target\":[\"https:\/\/fittingsestandar.com\/en\/products\/expansion-ring-fittings\/manifold-brass-2\/\"]}]},{\"@type\":\"ImageObject\",\"inLanguage\":\"en-US\",\"@id\":\"https:\/\/fittingsestandar.com\/en\/products\/expansion-ring-fittings\/manifold-brass-2\/#primaryimage\",\"url\":\"https:\/\/fittingsestandar.com\/wp-content\/uploads\/2021\/07\/RFDIS20DISTRIBUIDOR20-e1643111591721.jpg\",\"contentUrl\":\"https:\/\/fittingsestandar.com\/wp-content\/uploads\/2021\/07\/RFDIS20DISTRIBUIDOR20-e1643111591721.jpg\",\"width\":1000,\"height\":1000},{\"@type\":\"BreadcrumbList\",\"@id\":\"https:\/\/fittingsestandar.com\/en\/products\/expansion-ring-fittings\/manifold-brass-2\/#breadcrumb\",\"itemListElement\":[{\"@type\":\"ListItem\",\"position\":1,\"name\":\"Inicio\",\"item\":\"https:\/\/fittingsestandar.com\/en\/\"},{\"@type\":\"ListItem\",\"position\":2,\"name\":\"Cat\u00e1logo\",\"item\":\"https:\/\/fittingsestandar.com\/catalogo\/\"},{\"@type\":\"ListItem\",\"position\":3,\"name\":\"Expansion Ring Fittings\",\"item\":\"https:\/\/fittingsestandar.com\/en\/products\/categories\/expansion-ring-fittings\/\"},{\"@type\":\"ListItem\",\"position\":4,\"name\":\"Manifold BRASS\"}]},{\"@type\":\"WebSite\",\"@id\":\"https:\/\/fittingsestandar.com\/#website\",\"url\":\"https:\/\/fittingsestandar.com\/\",\"name\":\"Fittings Est\u00e1ndar\",\"description\":\"Fittings Est\u00e1ndar es una compa\u00f1\u00eda espa\u00f1ola l\u00edder en el dise\u00f1o y fabricaci\u00f3n de sistemas flexibles de fontaner\u00eda, calefacci\u00f3n y climatizaci\u00f3n para la instalaci\u00f3n profesional.\",\"publisher\":{\"@id\":\"https:\/\/fittingsestandar.com\/#organization\"},\"potentialAction\":[{\"@type\":\"SearchAction\",\"target\":{\"@type\":\"EntryPoint\",\"urlTemplate\":\"https:\/\/fittingsestandar.com\/?s={search_term_string}\"},\"query-input\":{\"@type\":\"PropertyValueSpecification\",\"valueRequired\":true,\"valueName\":\"search_term_string\"}}],\"inLanguage\":\"en-US\"},{\"@type\":\"Organization\",\"@id\":\"https:\/\/fittingsestandar.com\/#organization\",\"name\":\"Fittings Est\u00e1ndar\",\"url\":\"https:\/\/fittingsestandar.com\/\",\"logo\":{\"@type\":\"ImageObject\",\"inLanguage\":\"en-US\",\"@id\":\"https:\/\/fittingsestandar.com\/#\/schema\/logo\/image\/\",\"url\":\"https:\/\/fittingsestandar.com\/wp-content\/uploads\/2021\/05\/Logotipo_Color-01.jpg\",\"contentUrl\":\"https:\/\/fittingsestandar.com\/wp-content\/uploads\/2021\/05\/Logotipo_Color-01.jpg\",\"width\":3544,\"height\":3545,\"caption\":\"Fittings Est\u00e1ndar\"},\"image\":{\"@id\":\"https:\/\/fittingsestandar.com\/#\/schema\/logo\/image\/\"},\"sameAs\":[\"https:\/\/www.facebook.com\/Fittings-Est\u00e1ndar-101409335247461\",\"https:\/\/www.instagram.com\/fittingsestandar\/\",\"https:\/\/www.linkedin.com\/company\/fittings-estandar\"]}]}<\/script>\n<!-- \/ Yoast SEO plugin. -->","yoast_head_json":{"title":"Manifold BRASS - Fittings Est\u00e1ndar","robots":{"index":"index","follow":"follow","max-snippet":"max-snippet:-1","max-image-preview":"max-image-preview:large","max-video-preview":"max-video-preview:-1"},"canonical":"https:\/\/fittingsestandar.com\/en\/products\/expansion-ring-fittings\/manifold-brass-2\/","og_locale":"en_US","og_type":"article","og_title":"Manifold BRASS - Fittings Est\u00e1ndar","og_description":"Expansion Ring fittings are developed based on a method where a PEXa and PEXa EVOH pipes are gradually expanded with a special ring fitted on the outside, and then allowing it to shrink back onto a fitting nipple.  Made of PPSU (Polyphenylsulfone) and CW617N brass, compatible with PEXa and PEXa EVOH pipes.  Range: \u00d8 16 to \u00d8 32 mm.  Colors: Black body and Blue + Red rings.  Maximum temperature: 95\u00ba C.  * Other brass alloys on request (602N DZR \u2013 CW511\u2026).","og_url":"https:\/\/fittingsestandar.com\/en\/products\/expansion-ring-fittings\/manifold-brass-2\/","og_site_name":"Fittings Est\u00e1ndar","article_publisher":"https:\/\/www.facebook.com\/Fittings-Est%c3%a1ndar-101409335247461","article_modified_time":"2023-03-09T09:11:14+00:00","og_image":[{"width":1000,"height":1000,"url":"https:\/\/fittingsestandar.com\/wp-content\/uploads\/2021\/07\/RFDIS20DISTRIBUIDOR20-e1643111591721.jpg","type":"image\/jpeg"}],"twitter_card":"summary_large_image","schema":{"@context":"https:\/\/schema.org","@graph":[{"@type":"WebPage","@id":"https:\/\/fittingsestandar.com\/en\/products\/expansion-ring-fittings\/manifold-brass-2\/","url":"https:\/\/fittingsestandar.com\/en\/products\/expansion-ring-fittings\/manifold-brass-2\/","name":"Manifold BRASS - Fittings Est\u00e1ndar","isPartOf":{"@id":"https:\/\/fittingsestandar.com\/#website"},"primaryImageOfPage":{"@id":"https:\/\/fittingsestandar.com\/en\/products\/expansion-ring-fittings\/manifold-brass-2\/#primaryimage"},"image":{"@id":"https:\/\/fittingsestandar.com\/en\/products\/expansion-ring-fittings\/manifold-brass-2\/#primaryimage"},"thumbnailUrl":"https:\/\/fittingsestandar.com\/wp-content\/uploads\/2021\/07\/RFDIS20DISTRIBUIDOR20-e1643111591721.jpg","datePublished":"2023-02-08T20:07:17+00:00","dateModified":"2023-03-09T09:11:14+00:00","breadcrumb":{"@id":"https:\/\/fittingsestandar.com\/en\/products\/expansion-ring-fittings\/manifold-brass-2\/#breadcrumb"},"inLanguage":"en-US","potentialAction":[{"@type":"ReadAction","target":["https:\/\/fittingsestandar.com\/en\/products\/expansion-ring-fittings\/manifold-brass-2\/"]}]},{"@type":"ImageObject","inLanguage":"en-US","@id":"https:\/\/fittingsestandar.com\/en\/products\/expansion-ring-fittings\/manifold-brass-2\/#primaryimage","url":"https:\/\/fittingsestandar.com\/wp-content\/uploads\/2021\/07\/RFDIS20DISTRIBUIDOR20-e1643111591721.jpg","contentUrl":"https:\/\/fittingsestandar.com\/wp-content\/uploads\/2021\/07\/RFDIS20DISTRIBUIDOR20-e1643111591721.jpg","width":1000,"height":1000},{"@type":"BreadcrumbList","@id":"https:\/\/fittingsestandar.com\/en\/products\/expansion-ring-fittings\/manifold-brass-2\/#breadcrumb","itemListElement":[{"@type":"ListItem","position":1,"name":"Inicio","item":"https:\/\/fittingsestandar.com\/en\/"},{"@type":"ListItem","position":2,"name":"Cat\u00e1logo","item":"https:\/\/fittingsestandar.com\/catalogo\/"},{"@type":"ListItem","position":3,"name":"Expansion Ring Fittings","item":"https:\/\/fittingsestandar.com\/en\/products\/categories\/expansion-ring-fittings\/"},{"@type":"ListItem","position":4,"name":"Manifold BRASS"}]},{"@type":"WebSite","@id":"https:\/\/fittingsestandar.com\/#website","url":"https:\/\/fittingsestandar.com\/","name":"Fittings Est\u00e1ndar","description":"Fittings Est\u00e1ndar es una compa\u00f1\u00eda espa\u00f1ola l\u00edder en el dise\u00f1o y fabricaci\u00f3n de sistemas flexibles de fontaner\u00eda, calefacci\u00f3n y climatizaci\u00f3n para la instalaci\u00f3n profesional.","publisher":{"@id":"https:\/\/fittingsestandar.com\/#organization"},"potentialAction":[{"@type":"SearchAction","target":{"@type":"EntryPoint","urlTemplate":"https:\/\/fittingsestandar.com\/?s={search_term_string}"},"query-input":{"@type":"PropertyValueSpecification","valueRequired":true,"valueName":"search_term_string"}}],"inLanguage":"en-US"},{"@type":"Organization","@id":"https:\/\/fittingsestandar.com\/#organization","name":"Fittings Est\u00e1ndar","url":"https:\/\/fittingsestandar.com\/","logo":{"@type":"ImageObject","inLanguage":"en-US","@id":"https:\/\/fittingsestandar.com\/#\/schema\/logo\/image\/","url":"https:\/\/fittingsestandar.com\/wp-content\/uploads\/2021\/05\/Logotipo_Color-01.jpg","contentUrl":"https:\/\/fittingsestandar.com\/wp-content\/uploads\/2021\/05\/Logotipo_Color-01.jpg","width":3544,"height":3545,"caption":"Fittings Est\u00e1ndar"},"image":{"@id":"https:\/\/fittingsestandar.com\/#\/schema\/logo\/image\/"},"sameAs":["https:\/\/www.facebook.com\/Fittings-Est\u00e1ndar-101409335247461","https:\/\/www.instagram.com\/fittingsestandar\/","https:\/\/www.linkedin.com\/company\/fittings-estandar"]}]}},"_links":{"self":[{"href":"https:\/\/fittingsestandar.com\/en\/wp-json\/wp\/v2\/product\/13603","targetHints":{"allow":["GET"]}}],"collection":[{"href":"https:\/\/fittingsestandar.com\/en\/wp-json\/wp\/v2\/product"}],"about":[{"href":"https:\/\/fittingsestandar.com\/en\/wp-json\/wp\/v2\/types\/product"}],"wp:featuredmedia":[{"embeddable":true,"href":"https:\/\/fittingsestandar.com\/en\/wp-json\/wp\/v2\/media\/12569"}],"wp:attachment":[{"href":"https:\/\/fittingsestandar.com\/en\/wp-json\/wp\/v2\/media?parent=13603"}],"wp:term":[{"taxonomy":"product_brand","embeddable":true,"href":"https:\/\/fittingsestandar.com\/en\/wp-json\/wp\/v2\/product_brand?post=13603"},{"taxonomy":"product_cat","embeddable":true,"href":"https:\/\/fittingsestandar.com\/en\/wp-json\/wp\/v2\/product_cat?post=13603"},{"taxonomy":"product_tag","embeddable":true,"href":"https:\/\/fittingsestandar.com\/en\/wp-json\/wp\/v2\/product_tag?post=13603"}],"curies":[{"name":"wp","href":"https:\/\/api.w.org\/{rel}","templated":true}]}}