{"id":15383,"date":"2023-03-13T15:34:24","date_gmt":"2023-03-13T15:34:24","guid":{"rendered":"https:\/\/fittingsestandar.com\/?page_id=15383"},"modified":"2023-03-13T15:34:24","modified_gmt":"2023-03-13T15:34:24","slug":"pert-evoh-5-layers","status":"publish","type":"page","link":"https:\/\/fittingsestandar.com\/en\/pert-evoh-5-layers\/","title":{"rendered":"PERT EVOH 5 Layers"},"content":{"rendered":"<div class=\"wpb-content-wrapper\"><p>[vc_section css=&#8221;.vc_custom_1527512165230{background-color: #Fafafa !important;}&#8221;][vc_row][vc_column]<div class=\"wpb_content_element  vc_custom_1678721492370\"><style type=\"text\/css\">#ut_header_69f3918881d2c h2.section-title { font-size:40px !important; }#ut_header_69f3918881d2c .lead ins { color:#151515; }<\/style><header id=\"ut_header_69f3918881d2c\" class=\"section-header  ut-no-title-linebreak-mobile ut-no-lead-linebreak-mobile pt-style-1 header-center header-tablet-center header-mobile-center\"><h2 data-title=\"PERT EVOH 5\"  data-responsive-font=\"section_title\" data-responsive-font-settings=\"{&quot;base-font-size&quot;:&quot;40&quot;,&quot;font-size-unit&quot;:&quot;px&quot;,&quot;font-size&quot;:{&quot;desktop_large&quot;:&quot;40&quot;},&quot;base-line-height&quot;:&quot;global&quot;,&quot;base-letter-spacing&quot;:&quot;global&quot;}\" class=\"bklyn-divider-styles bklyn-divider-style-1 section-title \"><span>PERT EVOH 5<\/span><\/h2><\/header><\/div>[\/vc_column][\/vc_row][\/vc_section][vc_section][vc_row css=&#8221;.vc_custom_1666341799987{margin-top: -50px !important;}&#8221;][vc_column width=&#8221;1\/3&#8243;]<div class=\"wpb_content_element \"><style type=\"text\/css\">#ut_tm_69f3918887b53 .bklyn-team-member-ocupation { color: #999999; }#ut_tm_69f3918887b53 .bklyn-team-member-social-icons a { font-size: 20px; }#ut_tm_69f3918887b53 .bklyn-team-member-ocupation { font-weight: 600; }#ut_tm_69f3918887b53 .bklyn-team-member-ocupation { letter-spacing: 0.05em; }#ut_tm_69f3918887b53 .bklyn-team-member-ocupation { margin-bottom: 10px; }#ut_tm_69f3918887b53 .bklyn-team-member-social-icons a { color: #333333; }#ut_tm_69f3918887b53 .bklyn-team-member-social-icons a:visited { color: #333333; }#ut_tm_69f3918887b53 .bklyn-team-member-social-icons a:hover { color: #999999; }#ut_tm_69f3918887b53 .bklyn-team-member-social-icons a:focus { color: #999999; }#ut_tm_69f3918887b53 .bklyn-team-member-social-icons a:active { color: #999999; }<\/style><div id=\"ut_tm_69f3918887b53\" class=\"bklyn-team-member bklyn-team-member-style-1  bklyn-team-member-center\"><a title=\"\" href=\"https:\/\/fittingsestandar.com\/wp-content\/uploads\/2023\/03\/Certificate-PERT-EVOH-5-AENOR-7448.pdf\" target=\"_blank\" ><div class=\"bklyn-team-member-avatar bklyn-team-member-avatar-with-swap\"><div class=\"bklyn-team-member-primary-image\"><img decoding=\"async\" alt=\"Pipes_1\" class=\"ut-lozad\" src=\"data:image\/svg+xml;charset=utf-8,%3Csvg xmlns%3D'http%3A%2F%2Fwww.w3.org%2F2000%2Fsvg' viewBox%3D'0 0 800 600'%2F%3E\" data-src=\"https:\/\/fittingsestandar.com\/wp-content\/uploads\/2023\/03\/Pipes_1.jpg\"><\/div><div class=\"bklyn-team-member-secondary-image\"><img decoding=\"async\" alt=\"Pipes_1\" class=\"ut-lozad\" src=\"data:image\/svg+xml;charset=utf-8,%3Csvg xmlns%3D'http%3A%2F%2Fwww.w3.org%2F2000%2Fsvg' viewBox%3D'0 0 800 600'%2F%3E\" data-src=\"https:\/\/fittingsestandar.com\/wp-content\/uploads\/2023\/03\/Pipes_2.jpg\"><\/div><\/div><\/a><\/div><\/div>[\/vc_column][vc_column width=&#8221;1\/3&#8243;]<div class=\"wpb_content_element \"><style type=\"text\/css\">#ut_tm_69f3918888bfc .bklyn-team-member-ocupation { color: #999999; }#ut_tm_69f3918888bfc .bklyn-team-member-social-icons a { font-size: 20px; }#ut_tm_69f3918888bfc .bklyn-team-member-ocupation { font-weight: 600; }#ut_tm_69f3918888bfc .bklyn-team-member-ocupation { letter-spacing: 0.05em; }#ut_tm_69f3918888bfc .bklyn-team-member-ocupation { margin-bottom: 10px; }#ut_tm_69f3918888bfc .bklyn-team-member-social-icons a { color: #333333; }#ut_tm_69f3918888bfc .bklyn-team-member-social-icons a:visited { color: #333333; }#ut_tm_69f3918888bfc .bklyn-team-member-social-icons a:hover { color: #999999; }#ut_tm_69f3918888bfc .bklyn-team-member-social-icons a:focus { color: #999999; }#ut_tm_69f3918888bfc .bklyn-team-member-social-icons a:active { color: #999999; }<\/style><div id=\"ut_tm_69f3918888bfc\" class=\"bklyn-team-member bklyn-team-member-style-1  bklyn-team-member-center\"><a title=\"\" href=\"https:\/\/fittingsestandar.com\/wp-content\/uploads\/2023\/03\/PERT-EVOH-5-layer_40oC_KIWA-report_LC21574_ENG.pdf\" target=\"_blank\" ><div class=\"bklyn-team-member-avatar bklyn-team-member-avatar-with-swap\"><div class=\"bklyn-team-member-primary-image\"><img decoding=\"async\" alt=\"40_KIWA_1\" class=\"ut-lozad\" src=\"data:image\/svg+xml;charset=utf-8,%3Csvg xmlns%3D'http%3A%2F%2Fwww.w3.org%2F2000%2Fsvg' viewBox%3D'0 0 800 600'%2F%3E\" data-src=\"https:\/\/fittingsestandar.com\/wp-content\/uploads\/2023\/03\/40_KIWA_1.jpg\"><\/div><div class=\"bklyn-team-member-secondary-image\"><img decoding=\"async\" alt=\"40_KIWA_1\" class=\"ut-lozad\" src=\"data:image\/svg+xml;charset=utf-8,%3Csvg xmlns%3D'http%3A%2F%2Fwww.w3.org%2F2000%2Fsvg' viewBox%3D'0 0 800 600'%2F%3E\" data-src=\"https:\/\/fittingsestandar.com\/wp-content\/uploads\/2023\/03\/40_KIWA_2.jpg\"><\/div><\/div><\/a><\/div><\/div>[\/vc_column][vc_column width=&#8221;1\/3&#8243;]<div class=\"wpb_content_element \"><style type=\"text\/css\">#ut_tm_69f391888a31f .bklyn-team-member-ocupation { color: #999999; }#ut_tm_69f391888a31f .bklyn-team-member-social-icons a { font-size: 20px; }#ut_tm_69f391888a31f .bklyn-team-member-ocupation { font-weight: 600; }#ut_tm_69f391888a31f .bklyn-team-member-ocupation { letter-spacing: 0.05em; }#ut_tm_69f391888a31f .bklyn-team-member-ocupation { margin-bottom: 10px; }#ut_tm_69f391888a31f .bklyn-team-member-social-icons a { color: #333333; }#ut_tm_69f391888a31f .bklyn-team-member-social-icons a:visited { color: #333333; }#ut_tm_69f391888a31f .bklyn-team-member-social-icons a:hover { color: #999999; }#ut_tm_69f391888a31f .bklyn-team-member-social-icons a:focus { color: #999999; }#ut_tm_69f391888a31f .bklyn-team-member-social-icons a:active { color: #999999; }<\/style><div id=\"ut_tm_69f391888a31f\" class=\"bklyn-team-member bklyn-team-member-style-1  bklyn-team-member-center\"><a title=\"\" href=\"https:\/\/fittingsestandar.com\/wp-content\/uploads\/2023\/03\/PERT-EVOH-5-layer_80oC_KIWA-report_LC21574_ENG.pdf\" target=\"_blank\" ><div class=\"bklyn-team-member-avatar bklyn-team-member-avatar-with-swap\"><div class=\"bklyn-team-member-primary-image\"><img decoding=\"async\" alt=\"80_KIWA_1\" class=\"ut-lozad\" src=\"data:image\/svg+xml;charset=utf-8,%3Csvg xmlns%3D'http%3A%2F%2Fwww.w3.org%2F2000%2Fsvg' viewBox%3D'0 0 800 600'%2F%3E\" data-src=\"https:\/\/fittingsestandar.com\/wp-content\/uploads\/2023\/03\/80_KIWA_1.jpg\"><\/div><div class=\"bklyn-team-member-secondary-image\"><img decoding=\"async\" alt=\"80_KIWA_1\" class=\"ut-lozad\" src=\"data:image\/svg+xml;charset=utf-8,%3Csvg xmlns%3D'http%3A%2F%2Fwww.w3.org%2F2000%2Fsvg' viewBox%3D'0 0 800 600'%2F%3E\" data-src=\"https:\/\/fittingsestandar.com\/wp-content\/uploads\/2023\/03\/80_KIWA_2.jpg\"><\/div><\/div><\/a><\/div><\/div>[\/vc_column][\/vc_row][\/vc_section]<\/p>\n<\/div>","protected":false},"excerpt":{"rendered":"<p>[vc_section css=&#8221;.vc_custom_1527512165230{background-color: #Fafafa !important;}&#8221;][vc_row][vc_column][\/vc_column][\/vc_row][\/vc_section][vc_section][vc_row css=&#8221;.vc_custom_1666341799987{margin-top: -50px !important;}&#8221;][vc_column width=&#8221;1\/3&#8243;][\/vc_column][vc_column width=&#8221;1\/3&#8243;][\/vc_column][vc_column width=&#8221;1\/3&#8243;][\/vc_column][\/vc_row][\/vc_section]<\/p>\n","protected":false},"author":3,"featured_media":0,"parent":0,"menu_order":0,"comment_status":"closed","ping_status":"closed","template":"","meta":{"content-type":"","footnotes":"","_links_to":"","_links_to_target":""},"class_list":["post-15383","page","type-page","status-publish","hentry"],"yoast_head":"<!-- This site is optimized with the Yoast SEO plugin v27.4 - https:\/\/yoast.com\/product\/yoast-seo-wordpress\/ -->\n<title>PERT EVOH 5 Layers - Fittings Est\u00e1ndar<\/title>\n<meta name=\"robots\" content=\"index, follow, max-snippet:-1, max-image-preview:large, max-video-preview:-1\" \/>\n<link rel=\"canonical\" href=\"https:\/\/fittingsestandar.com\/en\/pert-evoh-5-layers\/\" \/>\n<meta property=\"og:locale\" content=\"en_US\" \/>\n<meta property=\"og:type\" content=\"article\" \/>\n<meta property=\"og:title\" content=\"PERT EVOH 5 Layers - Fittings Est\u00e1ndar\" \/>\n<meta property=\"og:description\" content=\"[vc_section css=&#8221;.vc_custom_1527512165230{background-color: #Fafafa !important;}&#8221;][vc_row][vc_column][\/vc_column][\/vc_row][\/vc_section][vc_section][vc_row css=&#8221;.vc_custom_1666341799987{margin-top: -50px !important;}&#8221;][vc_column width=&#8221;1\/3&#8243;][\/vc_column][vc_column width=&#8221;1\/3&#8243;][\/vc_column][vc_column width=&#8221;1\/3&#8243;][\/vc_column][\/vc_row][\/vc_section]\" \/>\n<meta property=\"og:url\" content=\"https:\/\/fittingsestandar.com\/en\/pert-evoh-5-layers\/\" \/>\n<meta property=\"og:site_name\" content=\"Fittings Est\u00e1ndar\" \/>\n<meta property=\"article:publisher\" content=\"https:\/\/www.facebook.com\/Fittings-Est%c3%a1ndar-101409335247461\" \/>\n<meta property=\"og:image\" content=\"https:\/\/fittingsestandar.com\/wp-content\/uploads\/2021\/06\/IMG_3445.jpg\" \/>\n\t<meta property=\"og:image:width\" content=\"1920\" \/>\n\t<meta property=\"og:image:height\" content=\"1280\" \/>\n\t<meta property=\"og:image:type\" content=\"image\/jpeg\" \/>\n<meta name=\"twitter:card\" content=\"summary_large_image\" \/>\n<meta name=\"twitter:label1\" content=\"Est. reading time\" \/>\n\t<meta name=\"twitter:data1\" content=\"1 minute\" \/>\n<script type=\"application\/ld+json\" class=\"yoast-schema-graph\">{\"@context\":\"https:\\\/\\\/schema.org\",\"@graph\":[{\"@type\":\"WebPage\",\"@id\":\"https:\\\/\\\/fittingsestandar.com\\\/en\\\/pert-evoh-5-layers\\\/\",\"url\":\"https:\\\/\\\/fittingsestandar.com\\\/en\\\/pert-evoh-5-layers\\\/\",\"name\":\"PERT EVOH 5 Layers - Fittings Est\u00e1ndar\",\"isPartOf\":{\"@id\":\"https:\\\/\\\/fittingsestandar.com\\\/#website\"},\"datePublished\":\"2023-03-13T15:34:24+00:00\",\"breadcrumb\":{\"@id\":\"https:\\\/\\\/fittingsestandar.com\\\/en\\\/pert-evoh-5-layers\\\/#breadcrumb\"},\"inLanguage\":\"en-US\",\"potentialAction\":[{\"@type\":\"ReadAction\",\"target\":[\"https:\\\/\\\/fittingsestandar.com\\\/en\\\/pert-evoh-5-layers\\\/\"]}]},{\"@type\":\"BreadcrumbList\",\"@id\":\"https:\\\/\\\/fittingsestandar.com\\\/en\\\/pert-evoh-5-layers\\\/#breadcrumb\",\"itemListElement\":[{\"@type\":\"ListItem\",\"position\":1,\"name\":\"Inicio\",\"item\":\"https:\\\/\\\/fittingsestandar.com\\\/en\\\/\"},{\"@type\":\"ListItem\",\"position\":2,\"name\":\"PERT EVOH 5 Layers\"}]},{\"@type\":\"WebSite\",\"@id\":\"https:\\\/\\\/fittingsestandar.com\\\/#website\",\"url\":\"https:\\\/\\\/fittingsestandar.com\\\/\",\"name\":\"Fittings Est\u00e1ndar\",\"description\":\"Fittings Est\u00e1ndar es una compa\u00f1\u00eda espa\u00f1ola l\u00edder en el dise\u00f1o y fabricaci\u00f3n de sistemas flexibles de fontaner\u00eda, calefacci\u00f3n y climatizaci\u00f3n para la instalaci\u00f3n profesional.\",\"publisher\":{\"@id\":\"https:\\\/\\\/fittingsestandar.com\\\/#organization\"},\"potentialAction\":[{\"@type\":\"SearchAction\",\"target\":{\"@type\":\"EntryPoint\",\"urlTemplate\":\"https:\\\/\\\/fittingsestandar.com\\\/?s={search_term_string}\"},\"query-input\":{\"@type\":\"PropertyValueSpecification\",\"valueRequired\":true,\"valueName\":\"search_term_string\"}}],\"inLanguage\":\"en-US\"},{\"@type\":\"Organization\",\"@id\":\"https:\\\/\\\/fittingsestandar.com\\\/#organization\",\"name\":\"Fittings Est\u00e1ndar\",\"url\":\"https:\\\/\\\/fittingsestandar.com\\\/\",\"logo\":{\"@type\":\"ImageObject\",\"inLanguage\":\"en-US\",\"@id\":\"https:\\\/\\\/fittingsestandar.com\\\/#\\\/schema\\\/logo\\\/image\\\/\",\"url\":\"https:\\\/\\\/fittingsestandar.com\\\/wp-content\\\/uploads\\\/2021\\\/05\\\/Logotipo_Color-01.jpg\",\"contentUrl\":\"https:\\\/\\\/fittingsestandar.com\\\/wp-content\\\/uploads\\\/2021\\\/05\\\/Logotipo_Color-01.jpg\",\"width\":3544,\"height\":3545,\"caption\":\"Fittings Est\u00e1ndar\"},\"image\":{\"@id\":\"https:\\\/\\\/fittingsestandar.com\\\/#\\\/schema\\\/logo\\\/image\\\/\"},\"sameAs\":[\"https:\\\/\\\/www.facebook.com\\\/Fittings-Est\u00e1ndar-101409335247461\",\"https:\\\/\\\/www.instagram.com\\\/fittingsestandar\\\/\",\"https:\\\/\\\/www.linkedin.com\\\/company\\\/fittings-estandar\"]}]}<\/script>\n<!-- \/ Yoast SEO plugin. -->","yoast_head_json":{"title":"PERT EVOH 5 Layers - Fittings Est\u00e1ndar","robots":{"index":"index","follow":"follow","max-snippet":"max-snippet:-1","max-image-preview":"max-image-preview:large","max-video-preview":"max-video-preview:-1"},"canonical":"https:\/\/fittingsestandar.com\/en\/pert-evoh-5-layers\/","og_locale":"en_US","og_type":"article","og_title":"PERT EVOH 5 Layers - Fittings Est\u00e1ndar","og_description":"[vc_section css=&#8221;.vc_custom_1527512165230{background-color: #Fafafa !important;}&#8221;][vc_row][vc_column][\/vc_column][\/vc_row][\/vc_section][vc_section][vc_row css=&#8221;.vc_custom_1666341799987{margin-top: -50px !important;}&#8221;][vc_column width=&#8221;1\/3&#8243;][\/vc_column][vc_column width=&#8221;1\/3&#8243;][\/vc_column][vc_column width=&#8221;1\/3&#8243;][\/vc_column][\/vc_row][\/vc_section]","og_url":"https:\/\/fittingsestandar.com\/en\/pert-evoh-5-layers\/","og_site_name":"Fittings Est\u00e1ndar","article_publisher":"https:\/\/www.facebook.com\/Fittings-Est%c3%a1ndar-101409335247461","og_image":[{"width":1920,"height":1280,"url":"https:\/\/fittingsestandar.com\/wp-content\/uploads\/2021\/06\/IMG_3445.jpg","type":"image\/jpeg"}],"twitter_card":"summary_large_image","twitter_misc":{"Est. reading time":"1 minute"},"schema":{"@context":"https:\/\/schema.org","@graph":[{"@type":"WebPage","@id":"https:\/\/fittingsestandar.com\/en\/pert-evoh-5-layers\/","url":"https:\/\/fittingsestandar.com\/en\/pert-evoh-5-layers\/","name":"PERT EVOH 5 Layers - Fittings Est\u00e1ndar","isPartOf":{"@id":"https:\/\/fittingsestandar.com\/#website"},"datePublished":"2023-03-13T15:34:24+00:00","breadcrumb":{"@id":"https:\/\/fittingsestandar.com\/en\/pert-evoh-5-layers\/#breadcrumb"},"inLanguage":"en-US","potentialAction":[{"@type":"ReadAction","target":["https:\/\/fittingsestandar.com\/en\/pert-evoh-5-layers\/"]}]},{"@type":"BreadcrumbList","@id":"https:\/\/fittingsestandar.com\/en\/pert-evoh-5-layers\/#breadcrumb","itemListElement":[{"@type":"ListItem","position":1,"name":"Inicio","item":"https:\/\/fittingsestandar.com\/en\/"},{"@type":"ListItem","position":2,"name":"PERT EVOH 5 Layers"}]},{"@type":"WebSite","@id":"https:\/\/fittingsestandar.com\/#website","url":"https:\/\/fittingsestandar.com\/","name":"Fittings Est\u00e1ndar","description":"Fittings Est\u00e1ndar es una compa\u00f1\u00eda espa\u00f1ola l\u00edder en el dise\u00f1o y fabricaci\u00f3n de sistemas flexibles de fontaner\u00eda, calefacci\u00f3n y climatizaci\u00f3n para la instalaci\u00f3n profesional.","publisher":{"@id":"https:\/\/fittingsestandar.com\/#organization"},"potentialAction":[{"@type":"SearchAction","target":{"@type":"EntryPoint","urlTemplate":"https:\/\/fittingsestandar.com\/?s={search_term_string}"},"query-input":{"@type":"PropertyValueSpecification","valueRequired":true,"valueName":"search_term_string"}}],"inLanguage":"en-US"},{"@type":"Organization","@id":"https:\/\/fittingsestandar.com\/#organization","name":"Fittings Est\u00e1ndar","url":"https:\/\/fittingsestandar.com\/","logo":{"@type":"ImageObject","inLanguage":"en-US","@id":"https:\/\/fittingsestandar.com\/#\/schema\/logo\/image\/","url":"https:\/\/fittingsestandar.com\/wp-content\/uploads\/2021\/05\/Logotipo_Color-01.jpg","contentUrl":"https:\/\/fittingsestandar.com\/wp-content\/uploads\/2021\/05\/Logotipo_Color-01.jpg","width":3544,"height":3545,"caption":"Fittings Est\u00e1ndar"},"image":{"@id":"https:\/\/fittingsestandar.com\/#\/schema\/logo\/image\/"},"sameAs":["https:\/\/www.facebook.com\/Fittings-Est\u00e1ndar-101409335247461","https:\/\/www.instagram.com\/fittingsestandar\/","https:\/\/www.linkedin.com\/company\/fittings-estandar"]}]}},"_links":{"self":[{"href":"https:\/\/fittingsestandar.com\/en\/wp-json\/wp\/v2\/pages\/15383","targetHints":{"allow":["GET"]}}],"collection":[{"href":"https:\/\/fittingsestandar.com\/en\/wp-json\/wp\/v2\/pages"}],"about":[{"href":"https:\/\/fittingsestandar.com\/en\/wp-json\/wp\/v2\/types\/page"}],"author":[{"embeddable":true,"href":"https:\/\/fittingsestandar.com\/en\/wp-json\/wp\/v2\/users\/3"}],"replies":[{"embeddable":true,"href":"https:\/\/fittingsestandar.com\/en\/wp-json\/wp\/v2\/comments?post=15383"}],"version-history":[{"count":1,"href":"https:\/\/fittingsestandar.com\/en\/wp-json\/wp\/v2\/pages\/15383\/revisions"}],"predecessor-version":[{"id":15384,"href":"https:\/\/fittingsestandar.com\/en\/wp-json\/wp\/v2\/pages\/15383\/revisions\/15384"}],"wp:attachment":[{"href":"https:\/\/fittingsestandar.com\/en\/wp-json\/wp\/v2\/media?parent=15383"}],"curies":[{"name":"wp","href":"https:\/\/api.w.org\/{rel}","templated":true}]}}