{"id":14490,"date":"2021-07-27T11:55:23","date_gmt":"2021-07-27T11:55:23","guid":{"rendered":"https:\/\/fittingsestandar.com\/trabaja-con-nosotros\/"},"modified":"2023-02-21T10:45:19","modified_gmt":"2023-02-21T10:45:19","slug":"work-with-us","status":"publish","type":"page","link":"https:\/\/fittingsestandar.com\/en\/work-with-us\/","title":{"rendered":"Work with us"},"content":{"rendered":"<div class=\"wpb-content-wrapper\"><p>[vc_section][vc_row][vc_column]<div class=\"wpb_content_element \"><style type=\"text\/css\">#ut_header_69f3141074c09 h2.section-title { font-size:40px !important; }<\/style><header id=\"ut_header_69f3141074c09\" class=\"section-header  ut-no-title-linebreak-mobile ut-no-lead-linebreak-mobile pt-style-1 header-center header-tablet-center header-mobile-center\"><h2 data-title=\"Do you want to be part of the Fittings Est\u00e1ndar's Team? \"  data-responsive-font=\"section_title\" data-responsive-font-settings=\"{&quot;base-font-size&quot;:&quot;40&quot;,&quot;font-size-unit&quot;:&quot;px&quot;,&quot;font-size&quot;:{&quot;desktop_large&quot;:&quot;40&quot;},&quot;base-line-height&quot;:&quot;global&quot;,&quot;base-letter-spacing&quot;:&quot;global&quot;}\" class=\"bklyn-divider-styles bklyn-divider-style-1 section-title \"><span>Do you want to be part of the Fittings Est\u00e1ndar's Team? <\/span><\/h2><\/header><\/div>[vc_column_text]<\/p>\n<div class=\"page\" title=\"Page 7\">\n<div class=\"layoutArea\">\n<div class=\"column\">\n<p>The real engine of Fittings Est\u00e1ndar is our team, which in addition to highly qualified professionals committed to the values of the company, are involved every day to improve.<\/p>\n<p>Fittings Est\u00e1ndar is a family company, which has specialists in each of its disciplines, from product design, marketing, after-sales and customer service.<\/p>\n<p>In addition, we are committed as a company to equal opportunities and the reconciliation of work and family life.<\/p>\n<p>If you want to work with us, please fill in the following form:<\/p>\n<\/div>\n<\/div>\n<\/div>\n<p>[\/vc_column_text][\/vc_column][\/vc_row][vc_row el_id=&#8221;formulario-suelo-radiante&#8221;][vc_column]<div id=\"ut_cf7_colors_69f314107a240\" class=\"wpb_content_element  \">\n<div class=\"wpcf7 no-js\" id=\"wpcf7-f14411-o1\" lang=\"en-US\" dir=\"ltr\" data-wpcf7-id=\"14411\">\n<div class=\"screen-reader-response\"><p role=\"status\" aria-live=\"polite\" aria-atomic=\"true\"><\/p> <ul><\/ul><\/div>\n<form action=\"\/en\/wp-json\/wp\/v2\/pages\/14490#wpcf7-f14411-o1\" method=\"post\" class=\"wpcf7-form init\" aria-label=\"Contact form\" enctype=\"multipart\/form-data\" novalidate=\"novalidate\" data-status=\"init\">\n<fieldset class=\"hidden-fields-container\"><input type=\"hidden\" name=\"_wpcf7\" value=\"14411\" \/><input type=\"hidden\" name=\"_wpcf7_version\" value=\"6.1.5\" \/><input type=\"hidden\" name=\"_wpcf7_locale\" value=\"en_US\" \/><input type=\"hidden\" name=\"_wpcf7_unit_tag\" value=\"wpcf7-f14411-o1\" \/><input type=\"hidden\" name=\"_wpcf7_container_post\" value=\"0\" \/><input type=\"hidden\" name=\"_wpcf7_posted_data_hash\" value=\"\" \/><input type=\"hidden\" name=\"_wpcf7_recaptcha_response\" value=\"\" \/>\n<\/fieldset>\n<label> Your name and surname\n    <span class=\"wpcf7-form-control-wrap\" data-name=\"your-name\"><input size=\"40\" maxlength=\"400\" class=\"wpcf7-form-control wpcf7-text wpcf7-validates-as-required\" autocomplete=\"name\" aria-required=\"true\" aria-invalid=\"false\" value=\"\" type=\"text\" name=\"your-name\" \/><\/span> <\/label>\n\n<label> Your email address\n    <span class=\"wpcf7-form-control-wrap\" data-name=\"your-email\"><input size=\"40\" maxlength=\"400\" class=\"wpcf7-form-control wpcf7-email wpcf7-validates-as-required wpcf7-text wpcf7-validates-as-email\" autocomplete=\"email\" aria-required=\"true\" aria-invalid=\"false\" value=\"\" type=\"email\" name=\"your-email\" \/><\/span> <\/label>\n\n<label> Subject\n    <span class=\"wpcf7-form-control-wrap\" data-name=\"your-subject\"><input size=\"40\" maxlength=\"400\" class=\"wpcf7-form-control wpcf7-text wpcf7-validates-as-required\" aria-required=\"true\" aria-invalid=\"false\" value=\"\" type=\"text\" name=\"your-subject\" \/><\/span> <\/label>\n\n<label> Your message (opcional)\n    <span class=\"wpcf7-form-control-wrap\" data-name=\"your-message\"><textarea cols=\"40\" rows=\"10\" maxlength=\"2000\" class=\"wpcf7-form-control wpcf7-textarea\" aria-invalid=\"false\" name=\"your-message\"><\/textarea><\/span> <\/label>\n\n\n<label> Upload curriculum vitae \n<span class=\"wpcf7-form-control-wrap\" data-name=\"SubirCV\"><input size=\"40\" class=\"wpcf7-form-control wpcf7-file wpcf7-validates-as-required\" accept=\"audio\/*,video\/*,image\/*\" aria-required=\"true\" aria-invalid=\"false\" type=\"file\" name=\"SubirCV\" \/><\/span>\n\n<br><div id=\"cf7sr-69f314107b168\" class=\"cf7sr-g-recaptcha\" data-theme=\"light\" data-type=\"image\" data-size=\"normal\" data-sitekey=\"6Lex4dQbAAAAAFSYZVeFZnGajGpLlItqwaEKk_Oi\"><\/div><span class=\"wpcf7-form-control-wrap cf7sr-recaptcha\" data-name=\"cf7sr-recaptcha\"><input type=\"hidden\" name=\"cf7sr-recaptcha\" value=\"\" class=\"wpcf7-form-control\"><\/span><br>\n\n<span class=\"wpcf7-form-control-wrap\" data-name=\"terminos\"><span class=\"wpcf7-form-control wpcf7-acceptance optional\"><span class=\"wpcf7-list-item\"><label><input type=\"checkbox\" name=\"terminos\" value=\"1\" aria-invalid=\"false\" \/><span class=\"wpcf7-list-item-label\">I have read and accept the <a href=\"\/politica-privacidad\/\" target=\"_blank\">Privacity policy<\/a><\/span><\/label><\/span><\/span><\/span>\n\n<input class=\"wpcf7-form-control wpcf7-submit has-spinner\" type=\"submit\" value=\"Submit\" \/><div class=\"wpcf7-response-output\" aria-hidden=\"true\"><\/div>\n<\/form>\n<\/div>\n<\/div>[\/vc_column][\/vc_row][\/vc_section]<\/p>\n<\/div>","protected":false},"excerpt":{"rendered":"<p>[vc_section][vc_row][vc_column][vc_column_text] The real engine of Fittings Est\u00e1ndar is our team, which in addition to highly qualified professionals committed to the values of the company, are involved every day to improve. Fittings Est\u00e1ndar is a family company, which has specialists in each of its disciplines, from product design, marketing, after-sales and customer service. In addition, we [&hellip;]<\/p>\n","protected":false},"author":3,"featured_media":0,"parent":0,"menu_order":0,"comment_status":"closed","ping_status":"closed","template":"","meta":{"content-type":"","footnotes":"","_links_to":"","_links_to_target":""},"class_list":["post-14490","page","type-page","status-publish","hentry"],"yoast_head":"<!-- This site is optimized with the Yoast SEO plugin v27.4 - https:\/\/yoast.com\/product\/yoast-seo-wordpress\/ -->\n<title>Work with us - Env\u00edanos tu curr\u00edculum - Fittings Est\u00e1ndar<\/title>\n<meta name=\"description\" content=\"El verdadero motor de Fittings Est\u00e1ndar es nuestro equipo que adem\u00e1s de profesionales, altamente cualificados y comprometidos con los...\" \/>\n<meta name=\"robots\" content=\"index, follow, max-snippet:-1, max-image-preview:large, max-video-preview:-1\" \/>\n<link rel=\"canonical\" href=\"https:\/\/fittingsestandar.com\/en\/work-with-us\/\" \/>\n<meta property=\"og:locale\" content=\"en_US\" \/>\n<meta property=\"og:type\" content=\"article\" \/>\n<meta property=\"og:title\" content=\"Work with us - Env\u00edanos tu curr\u00edculum - Fittings Est\u00e1ndar\" \/>\n<meta property=\"og:description\" content=\"El verdadero motor de Fittings Est\u00e1ndar es nuestro equipo que adem\u00e1s de profesionales, altamente cualificados y comprometidos con los...\" \/>\n<meta property=\"og:url\" content=\"https:\/\/fittingsestandar.com\/en\/work-with-us\/\" \/>\n<meta property=\"og:site_name\" content=\"Fittings Est\u00e1ndar\" \/>\n<meta property=\"article:publisher\" content=\"https:\/\/www.facebook.com\/Fittings-Est%c3%a1ndar-101409335247461\" \/>\n<meta property=\"article:modified_time\" content=\"2023-02-21T10:45:19+00:00\" \/>\n<meta property=\"og:image\" content=\"https:\/\/fittingsestandar.com\/wp-content\/uploads\/2021\/06\/IMG_3445.jpg\" \/>\n\t<meta property=\"og:image:width\" content=\"1920\" \/>\n\t<meta property=\"og:image:height\" content=\"1280\" \/>\n\t<meta property=\"og:image:type\" content=\"image\/jpeg\" \/>\n<meta name=\"twitter:card\" content=\"summary_large_image\" \/>\n<meta name=\"twitter:label1\" content=\"Est. reading time\" \/>\n\t<meta name=\"twitter:data1\" content=\"1 minute\" \/>\n<script type=\"application\/ld+json\" class=\"yoast-schema-graph\">{\"@context\":\"https:\\\/\\\/schema.org\",\"@graph\":[{\"@type\":\"WebPage\",\"@id\":\"https:\\\/\\\/fittingsestandar.com\\\/en\\\/work-with-us\\\/\",\"url\":\"https:\\\/\\\/fittingsestandar.com\\\/en\\\/work-with-us\\\/\",\"name\":\"Work with us - Env\u00edanos tu curr\u00edculum - Fittings Est\u00e1ndar\",\"isPartOf\":{\"@id\":\"https:\\\/\\\/fittingsestandar.com\\\/#website\"},\"datePublished\":\"2021-07-27T11:55:23+00:00\",\"dateModified\":\"2023-02-21T10:45:19+00:00\",\"description\":\"El verdadero motor de Fittings Est\u00e1ndar es nuestro equipo que adem\u00e1s de profesionales, altamente cualificados y comprometidos con los...\",\"breadcrumb\":{\"@id\":\"https:\\\/\\\/fittingsestandar.com\\\/en\\\/work-with-us\\\/#breadcrumb\"},\"inLanguage\":\"en-US\",\"potentialAction\":[{\"@type\":\"ReadAction\",\"target\":[\"https:\\\/\\\/fittingsestandar.com\\\/en\\\/work-with-us\\\/\"]}]},{\"@type\":\"BreadcrumbList\",\"@id\":\"https:\\\/\\\/fittingsestandar.com\\\/en\\\/work-with-us\\\/#breadcrumb\",\"itemListElement\":[{\"@type\":\"ListItem\",\"position\":1,\"name\":\"Inicio\",\"item\":\"https:\\\/\\\/fittingsestandar.com\\\/en\\\/\"},{\"@type\":\"ListItem\",\"position\":2,\"name\":\"Work with us\"}]},{\"@type\":\"WebSite\",\"@id\":\"https:\\\/\\\/fittingsestandar.com\\\/#website\",\"url\":\"https:\\\/\\\/fittingsestandar.com\\\/\",\"name\":\"Fittings Est\u00e1ndar\",\"description\":\"Fittings Est\u00e1ndar es una compa\u00f1\u00eda espa\u00f1ola l\u00edder en el dise\u00f1o y fabricaci\u00f3n de sistemas flexibles de fontaner\u00eda, calefacci\u00f3n y climatizaci\u00f3n para la instalaci\u00f3n profesional.\",\"publisher\":{\"@id\":\"https:\\\/\\\/fittingsestandar.com\\\/#organization\"},\"potentialAction\":[{\"@type\":\"SearchAction\",\"target\":{\"@type\":\"EntryPoint\",\"urlTemplate\":\"https:\\\/\\\/fittingsestandar.com\\\/?s={search_term_string}\"},\"query-input\":{\"@type\":\"PropertyValueSpecification\",\"valueRequired\":true,\"valueName\":\"search_term_string\"}}],\"inLanguage\":\"en-US\"},{\"@type\":\"Organization\",\"@id\":\"https:\\\/\\\/fittingsestandar.com\\\/#organization\",\"name\":\"Fittings Est\u00e1ndar\",\"url\":\"https:\\\/\\\/fittingsestandar.com\\\/\",\"logo\":{\"@type\":\"ImageObject\",\"inLanguage\":\"en-US\",\"@id\":\"https:\\\/\\\/fittingsestandar.com\\\/#\\\/schema\\\/logo\\\/image\\\/\",\"url\":\"https:\\\/\\\/fittingsestandar.com\\\/wp-content\\\/uploads\\\/2021\\\/05\\\/Logotipo_Color-01.jpg\",\"contentUrl\":\"https:\\\/\\\/fittingsestandar.com\\\/wp-content\\\/uploads\\\/2021\\\/05\\\/Logotipo_Color-01.jpg\",\"width\":3544,\"height\":3545,\"caption\":\"Fittings Est\u00e1ndar\"},\"image\":{\"@id\":\"https:\\\/\\\/fittingsestandar.com\\\/#\\\/schema\\\/logo\\\/image\\\/\"},\"sameAs\":[\"https:\\\/\\\/www.facebook.com\\\/Fittings-Est\u00e1ndar-101409335247461\",\"https:\\\/\\\/www.instagram.com\\\/fittingsestandar\\\/\",\"https:\\\/\\\/www.linkedin.com\\\/company\\\/fittings-estandar\"]}]}<\/script>\n<!-- \/ Yoast SEO plugin. -->","yoast_head_json":{"title":"Work with us - Env\u00edanos tu curr\u00edculum - Fittings Est\u00e1ndar","description":"El verdadero motor de Fittings Est\u00e1ndar es nuestro equipo que adem\u00e1s de profesionales, altamente cualificados y comprometidos con los...","robots":{"index":"index","follow":"follow","max-snippet":"max-snippet:-1","max-image-preview":"max-image-preview:large","max-video-preview":"max-video-preview:-1"},"canonical":"https:\/\/fittingsestandar.com\/en\/work-with-us\/","og_locale":"en_US","og_type":"article","og_title":"Work with us - Env\u00edanos tu curr\u00edculum - Fittings Est\u00e1ndar","og_description":"El verdadero motor de Fittings Est\u00e1ndar es nuestro equipo que adem\u00e1s de profesionales, altamente cualificados y comprometidos con los...","og_url":"https:\/\/fittingsestandar.com\/en\/work-with-us\/","og_site_name":"Fittings Est\u00e1ndar","article_publisher":"https:\/\/www.facebook.com\/Fittings-Est%c3%a1ndar-101409335247461","article_modified_time":"2023-02-21T10:45:19+00:00","og_image":[{"width":1920,"height":1280,"url":"https:\/\/fittingsestandar.com\/wp-content\/uploads\/2021\/06\/IMG_3445.jpg","type":"image\/jpeg"}],"twitter_card":"summary_large_image","twitter_misc":{"Est. reading time":"1 minute"},"schema":{"@context":"https:\/\/schema.org","@graph":[{"@type":"WebPage","@id":"https:\/\/fittingsestandar.com\/en\/work-with-us\/","url":"https:\/\/fittingsestandar.com\/en\/work-with-us\/","name":"Work with us - Env\u00edanos tu curr\u00edculum - Fittings Est\u00e1ndar","isPartOf":{"@id":"https:\/\/fittingsestandar.com\/#website"},"datePublished":"2021-07-27T11:55:23+00:00","dateModified":"2023-02-21T10:45:19+00:00","description":"El verdadero motor de Fittings Est\u00e1ndar es nuestro equipo que adem\u00e1s de profesionales, altamente cualificados y comprometidos con los...","breadcrumb":{"@id":"https:\/\/fittingsestandar.com\/en\/work-with-us\/#breadcrumb"},"inLanguage":"en-US","potentialAction":[{"@type":"ReadAction","target":["https:\/\/fittingsestandar.com\/en\/work-with-us\/"]}]},{"@type":"BreadcrumbList","@id":"https:\/\/fittingsestandar.com\/en\/work-with-us\/#breadcrumb","itemListElement":[{"@type":"ListItem","position":1,"name":"Inicio","item":"https:\/\/fittingsestandar.com\/en\/"},{"@type":"ListItem","position":2,"name":"Work with us"}]},{"@type":"WebSite","@id":"https:\/\/fittingsestandar.com\/#website","url":"https:\/\/fittingsestandar.com\/","name":"Fittings Est\u00e1ndar","description":"Fittings Est\u00e1ndar es una compa\u00f1\u00eda espa\u00f1ola l\u00edder en el dise\u00f1o y fabricaci\u00f3n de sistemas flexibles de fontaner\u00eda, calefacci\u00f3n y climatizaci\u00f3n para la instalaci\u00f3n profesional.","publisher":{"@id":"https:\/\/fittingsestandar.com\/#organization"},"potentialAction":[{"@type":"SearchAction","target":{"@type":"EntryPoint","urlTemplate":"https:\/\/fittingsestandar.com\/?s={search_term_string}"},"query-input":{"@type":"PropertyValueSpecification","valueRequired":true,"valueName":"search_term_string"}}],"inLanguage":"en-US"},{"@type":"Organization","@id":"https:\/\/fittingsestandar.com\/#organization","name":"Fittings Est\u00e1ndar","url":"https:\/\/fittingsestandar.com\/","logo":{"@type":"ImageObject","inLanguage":"en-US","@id":"https:\/\/fittingsestandar.com\/#\/schema\/logo\/image\/","url":"https:\/\/fittingsestandar.com\/wp-content\/uploads\/2021\/05\/Logotipo_Color-01.jpg","contentUrl":"https:\/\/fittingsestandar.com\/wp-content\/uploads\/2021\/05\/Logotipo_Color-01.jpg","width":3544,"height":3545,"caption":"Fittings Est\u00e1ndar"},"image":{"@id":"https:\/\/fittingsestandar.com\/#\/schema\/logo\/image\/"},"sameAs":["https:\/\/www.facebook.com\/Fittings-Est\u00e1ndar-101409335247461","https:\/\/www.instagram.com\/fittingsestandar\/","https:\/\/www.linkedin.com\/company\/fittings-estandar"]}]}},"_links":{"self":[{"href":"https:\/\/fittingsestandar.com\/en\/wp-json\/wp\/v2\/pages\/14490","targetHints":{"allow":["GET"]}}],"collection":[{"href":"https:\/\/fittingsestandar.com\/en\/wp-json\/wp\/v2\/pages"}],"about":[{"href":"https:\/\/fittingsestandar.com\/en\/wp-json\/wp\/v2\/types\/page"}],"author":[{"embeddable":true,"href":"https:\/\/fittingsestandar.com\/en\/wp-json\/wp\/v2\/users\/3"}],"replies":[{"embeddable":true,"href":"https:\/\/fittingsestandar.com\/en\/wp-json\/wp\/v2\/comments?post=14490"}],"version-history":[{"count":3,"href":"https:\/\/fittingsestandar.com\/en\/wp-json\/wp\/v2\/pages\/14490\/revisions"}],"predecessor-version":[{"id":14568,"href":"https:\/\/fittingsestandar.com\/en\/wp-json\/wp\/v2\/pages\/14490\/revisions\/14568"}],"wp:attachment":[{"href":"https:\/\/fittingsestandar.com\/en\/wp-json\/wp\/v2\/media?parent=14490"}],"curies":[{"name":"wp","href":"https:\/\/api.w.org\/{rel}","templated":true}]}}