{"id":14480,"date":"2021-12-01T12:45:48","date_gmt":"2021-12-01T12:45:48","guid":{"rendered":"https:\/\/fittingsestandar.com\/politica-de-calidad\/"},"modified":"2023-02-20T11:31:23","modified_gmt":"2023-02-20T11:31:23","slug":"quality-policy","status":"publish","type":"page","link":"https:\/\/fittingsestandar.com\/en\/quality-policy\/","title":{"rendered":"Quality policy"},"content":{"rendered":"<div class=\"index_cont\">\n<h3>POL\u00cdTICA DE CALIDAD, PREVENCI\u00d3N Y RSE<\/h3>\n<p><strong>FITTINGS ESTANDAR SL.<\/strong> es una compa\u00f1\u00eda cuya misi\u00f3n es producir sistemas de canalizaci\u00f3n de pl\u00e1stico para las instalaciones de fontaner\u00eda, calefacci\u00f3n y climatizaci\u00f3n. El principal objetivo es que nuestros clientes queden plenamente satisfechos con la calidad del servicio dado, tanto en t\u00e9rminos de calidad de producto, puntualidad y precio, en una relaci\u00f3n de beneficio mutuo.<\/p>\n<p><strong>En FITTINGS ESTANDAR SL.<\/strong> entendemos que la Calidad es un derecho del cliente, la Prevenci\u00f3n de Riesgos es un derecho del trabajador y la responsabilidad Social Empresarial (RSE) es un derecho de la sociedad para el mejoramiento social, econ\u00f3mico y ambiental del \u00e1rea donde se sit\u00faa, por lo tanto, son parte del estilo de las personas que forman esta organizaci\u00f3n.<\/p>\n<p>Nuestra vocaci\u00f3n de servicio est\u00e1 basada en la proximidad, la competitividad, el conocimiento t\u00e9cnico y la mejora continua de nuestros productos y procesos. Se ha desarrollado e implantado un sistema de gesti\u00f3n de calidad basado en la norma UNE-EN ISO 9001 con alcance para fabricaci\u00f3n de tuber\u00eda de polietileno, un plan de prevenci\u00f3n basado en la Ley 31\/1995 y sustentando los siguientes puntos:<\/p>\n<ol>\n<li>Conocer y cumplirlos requisitos de nuestros clientes, tanto expl\u00edcitos como impl\u00edcitos, as\u00ed como los requisitos legales y reglamentario.<\/li>\n<li>Suministrar siempre productos y servicios de calidad.<\/li>\n<li>Mantener una r\u00e1pida capacidad de respuesta a las demandas de nuestros cientes.<\/li>\n<li>Dotar a la empresa de los medios t\u00e9cnicos y humanos necesarios para asegurar no s\u00f3lo la conformidad y la mejora continua de la eficacia de nuestros procesos y la innovaci\u00f3n tecnol\u00f3gica sino a su vez en la Prevenci\u00f3n de Riesgos Laborales y en su Responsabilidad Social Empresaria.<\/li>\n<li>Certificar la calidad de nuestros productos contarme a las normas espa\u00f1olas o interanacionales aplicables.<\/li>\n<li>Crear un ambiente de trabajo favorable para la promoci\u00f3n de la calidad y la seguridad en la prevenci\u00f3n de riesgos en todos los \u00e1mbitos de la empresa, formando y motivando al personal en relaci\u00f3n con lo calidad, los procesos, el trabajo en equipo y en la prevenci\u00f3n de riesgos laborales, que adem\u00e1s permita el desarrollo profesional y personal de todos sus miembros.<\/li>\n<li>Buscar los m\u00e1s eficientes proveedores nacionales o internacionales que nos permitan obtener la mejor calidad en nuestros productos y servicios, en un marco de colaboraci\u00f3n y beneficio mutuo.<\/li>\n<li>Proporciona un marco de referencia para el establecimiento de los objetivos de calidad, prevenci\u00f3n y RSE.<\/li>\n<\/ol>\n<p>Esta pol\u00edtica de calidad, prevenci\u00f3n y responsabilidad social empresarial se dar\u00e1 a conocer a todas los partes interesados siguiendo el plan establecido, asegurando de esta forma que es entendida, implantada y mantenida al d\u00eda en todos los niveles de la organizaci\u00f3n.<\/p>\n<p>Direcci\u00f3n \u2013 18 Marzo de 2019<\/p>\n<p><a href=\"https:\/\/fittingsestandar.com\/wp-content\/uploads\/2021\/12\/firma-pedro-escaneada.png\"><img loading=\"lazy\" decoding=\"async\" class=\"alignnone wp-image-10928\" src=\"https:\/\/fittingsestandar.com\/wp-content\/uploads\/2021\/12\/firma-pedro-escaneada.png\" alt=\"\" width=\"155\" height=\"87\" \/><\/a><\/p>\n<\/div>\n","protected":false},"excerpt":{"rendered":"<p>POL\u00cdTICA DE CALIDAD, PREVENCI\u00d3N Y RSE FITTINGS ESTANDAR SL. es una compa\u00f1\u00eda cuya misi\u00f3n es producir sistemas de canalizaci\u00f3n de pl\u00e1stico para las instalaciones de fontaner\u00eda, calefacci\u00f3n y climatizaci\u00f3n. El principal objetivo es que nuestros clientes queden plenamente satisfechos con la calidad del servicio dado, tanto en t\u00e9rminos de calidad de producto, puntualidad y precio, [&hellip;]<\/p>\n","protected":false},"author":3,"featured_media":0,"parent":0,"menu_order":0,"comment_status":"closed","ping_status":"closed","template":"","meta":{"content-type":"","footnotes":"","_links_to":"","_links_to_target":""},"class_list":["post-14480","page","type-page","status-publish","hentry"],"yoast_head":"<!-- This site is optimized with the Yoast SEO plugin v27.4 - https:\/\/yoast.com\/product\/yoast-seo-wordpress\/ -->\n<title>Quality policy - Fittings Est\u00e1ndar<\/title>\n<meta name=\"robots\" content=\"index, follow, max-snippet:-1, max-image-preview:large, max-video-preview:-1\" \/>\n<link rel=\"canonical\" href=\"https:\/\/fittingsestandar.com\/en\/quality-policy\/\" \/>\n<meta property=\"og:locale\" content=\"en_US\" \/>\n<meta property=\"og:type\" content=\"article\" \/>\n<meta property=\"og:title\" content=\"Quality policy - Fittings Est\u00e1ndar\" \/>\n<meta property=\"og:description\" content=\"POL\u00cdTICA DE CALIDAD, PREVENCI\u00d3N Y RSE FITTINGS ESTANDAR SL. es una compa\u00f1\u00eda cuya misi\u00f3n es producir sistemas de canalizaci\u00f3n de pl\u00e1stico para las instalaciones de fontaner\u00eda, calefacci\u00f3n y climatizaci\u00f3n. El principal objetivo es que nuestros clientes queden plenamente satisfechos con la calidad del servicio dado, tanto en t\u00e9rminos de calidad de producto, puntualidad y precio, [&hellip;]\" \/>\n<meta property=\"og:url\" content=\"https:\/\/fittingsestandar.com\/en\/quality-policy\/\" \/>\n<meta property=\"og:site_name\" content=\"Fittings Est\u00e1ndar\" \/>\n<meta property=\"article:publisher\" content=\"https:\/\/www.facebook.com\/Fittings-Est%c3%a1ndar-101409335247461\" \/>\n<meta property=\"article:modified_time\" content=\"2023-02-20T11:31:23+00:00\" \/>\n<meta property=\"og:image\" content=\"https:\/\/fittingsestandar.com\/wp-content\/uploads\/2021\/12\/firma-pedro-escaneada.png\" \/>\n<meta name=\"twitter:card\" content=\"summary_large_image\" \/>\n<meta name=\"twitter:label1\" content=\"Est. reading time\" \/>\n\t<meta name=\"twitter:data1\" content=\"3 minutes\" \/>\n<script type=\"application\/ld+json\" class=\"yoast-schema-graph\">{\"@context\":\"https:\\\/\\\/schema.org\",\"@graph\":[{\"@type\":\"WebPage\",\"@id\":\"https:\\\/\\\/fittingsestandar.com\\\/en\\\/quality-policy\\\/\",\"url\":\"https:\\\/\\\/fittingsestandar.com\\\/en\\\/quality-policy\\\/\",\"name\":\"Quality policy - Fittings Est\u00e1ndar\",\"isPartOf\":{\"@id\":\"https:\\\/\\\/fittingsestandar.com\\\/#website\"},\"primaryImageOfPage\":{\"@id\":\"https:\\\/\\\/fittingsestandar.com\\\/en\\\/quality-policy\\\/#primaryimage\"},\"image\":{\"@id\":\"https:\\\/\\\/fittingsestandar.com\\\/en\\\/quality-policy\\\/#primaryimage\"},\"thumbnailUrl\":\"https:\\\/\\\/fittingsestandar.com\\\/wp-content\\\/uploads\\\/2021\\\/12\\\/firma-pedro-escaneada.png\",\"datePublished\":\"2021-12-01T12:45:48+00:00\",\"dateModified\":\"2023-02-20T11:31:23+00:00\",\"breadcrumb\":{\"@id\":\"https:\\\/\\\/fittingsestandar.com\\\/en\\\/quality-policy\\\/#breadcrumb\"},\"inLanguage\":\"en-US\",\"potentialAction\":[{\"@type\":\"ReadAction\",\"target\":[\"https:\\\/\\\/fittingsestandar.com\\\/en\\\/quality-policy\\\/\"]}]},{\"@type\":\"ImageObject\",\"inLanguage\":\"en-US\",\"@id\":\"https:\\\/\\\/fittingsestandar.com\\\/en\\\/quality-policy\\\/#primaryimage\",\"url\":\"https:\\\/\\\/fittingsestandar.com\\\/wp-content\\\/uploads\\\/2021\\\/12\\\/firma-pedro-escaneada.png\",\"contentUrl\":\"https:\\\/\\\/fittingsestandar.com\\\/wp-content\\\/uploads\\\/2021\\\/12\\\/firma-pedro-escaneada.png\"},{\"@type\":\"BreadcrumbList\",\"@id\":\"https:\\\/\\\/fittingsestandar.com\\\/en\\\/quality-policy\\\/#breadcrumb\",\"itemListElement\":[{\"@type\":\"ListItem\",\"position\":1,\"name\":\"Inicio\",\"item\":\"https:\\\/\\\/fittingsestandar.com\\\/en\\\/\"},{\"@type\":\"ListItem\",\"position\":2,\"name\":\"Quality policy\"}]},{\"@type\":\"WebSite\",\"@id\":\"https:\\\/\\\/fittingsestandar.com\\\/#website\",\"url\":\"https:\\\/\\\/fittingsestandar.com\\\/\",\"name\":\"Fittings Est\u00e1ndar\",\"description\":\"Fittings Est\u00e1ndar es una compa\u00f1\u00eda espa\u00f1ola l\u00edder en el dise\u00f1o y fabricaci\u00f3n de sistemas flexibles de fontaner\u00eda, calefacci\u00f3n y climatizaci\u00f3n para la instalaci\u00f3n profesional.\",\"publisher\":{\"@id\":\"https:\\\/\\\/fittingsestandar.com\\\/#organization\"},\"potentialAction\":[{\"@type\":\"SearchAction\",\"target\":{\"@type\":\"EntryPoint\",\"urlTemplate\":\"https:\\\/\\\/fittingsestandar.com\\\/?s={search_term_string}\"},\"query-input\":{\"@type\":\"PropertyValueSpecification\",\"valueRequired\":true,\"valueName\":\"search_term_string\"}}],\"inLanguage\":\"en-US\"},{\"@type\":\"Organization\",\"@id\":\"https:\\\/\\\/fittingsestandar.com\\\/#organization\",\"name\":\"Fittings Est\u00e1ndar\",\"url\":\"https:\\\/\\\/fittingsestandar.com\\\/\",\"logo\":{\"@type\":\"ImageObject\",\"inLanguage\":\"en-US\",\"@id\":\"https:\\\/\\\/fittingsestandar.com\\\/#\\\/schema\\\/logo\\\/image\\\/\",\"url\":\"https:\\\/\\\/fittingsestandar.com\\\/wp-content\\\/uploads\\\/2021\\\/05\\\/Logotipo_Color-01.jpg\",\"contentUrl\":\"https:\\\/\\\/fittingsestandar.com\\\/wp-content\\\/uploads\\\/2021\\\/05\\\/Logotipo_Color-01.jpg\",\"width\":3544,\"height\":3545,\"caption\":\"Fittings Est\u00e1ndar\"},\"image\":{\"@id\":\"https:\\\/\\\/fittingsestandar.com\\\/#\\\/schema\\\/logo\\\/image\\\/\"},\"sameAs\":[\"https:\\\/\\\/www.facebook.com\\\/Fittings-Est\u00e1ndar-101409335247461\",\"https:\\\/\\\/www.instagram.com\\\/fittingsestandar\\\/\",\"https:\\\/\\\/www.linkedin.com\\\/company\\\/fittings-estandar\"]}]}<\/script>\n<!-- \/ Yoast SEO plugin. -->","yoast_head_json":{"title":"Quality policy - Fittings Est\u00e1ndar","robots":{"index":"index","follow":"follow","max-snippet":"max-snippet:-1","max-image-preview":"max-image-preview:large","max-video-preview":"max-video-preview:-1"},"canonical":"https:\/\/fittingsestandar.com\/en\/quality-policy\/","og_locale":"en_US","og_type":"article","og_title":"Quality policy - Fittings Est\u00e1ndar","og_description":"POL\u00cdTICA DE CALIDAD, PREVENCI\u00d3N Y RSE FITTINGS ESTANDAR SL. es una compa\u00f1\u00eda cuya misi\u00f3n es producir sistemas de canalizaci\u00f3n de pl\u00e1stico para las instalaciones de fontaner\u00eda, calefacci\u00f3n y climatizaci\u00f3n. El principal objetivo es que nuestros clientes queden plenamente satisfechos con la calidad del servicio dado, tanto en t\u00e9rminos de calidad de producto, puntualidad y precio, [&hellip;]","og_url":"https:\/\/fittingsestandar.com\/en\/quality-policy\/","og_site_name":"Fittings Est\u00e1ndar","article_publisher":"https:\/\/www.facebook.com\/Fittings-Est%c3%a1ndar-101409335247461","article_modified_time":"2023-02-20T11:31:23+00:00","og_image":[{"url":"https:\/\/fittingsestandar.com\/wp-content\/uploads\/2021\/12\/firma-pedro-escaneada.png","type":"","width":"","height":""}],"twitter_card":"summary_large_image","twitter_misc":{"Est. reading time":"3 minutes"},"schema":{"@context":"https:\/\/schema.org","@graph":[{"@type":"WebPage","@id":"https:\/\/fittingsestandar.com\/en\/quality-policy\/","url":"https:\/\/fittingsestandar.com\/en\/quality-policy\/","name":"Quality policy - Fittings Est\u00e1ndar","isPartOf":{"@id":"https:\/\/fittingsestandar.com\/#website"},"primaryImageOfPage":{"@id":"https:\/\/fittingsestandar.com\/en\/quality-policy\/#primaryimage"},"image":{"@id":"https:\/\/fittingsestandar.com\/en\/quality-policy\/#primaryimage"},"thumbnailUrl":"https:\/\/fittingsestandar.com\/wp-content\/uploads\/2021\/12\/firma-pedro-escaneada.png","datePublished":"2021-12-01T12:45:48+00:00","dateModified":"2023-02-20T11:31:23+00:00","breadcrumb":{"@id":"https:\/\/fittingsestandar.com\/en\/quality-policy\/#breadcrumb"},"inLanguage":"en-US","potentialAction":[{"@type":"ReadAction","target":["https:\/\/fittingsestandar.com\/en\/quality-policy\/"]}]},{"@type":"ImageObject","inLanguage":"en-US","@id":"https:\/\/fittingsestandar.com\/en\/quality-policy\/#primaryimage","url":"https:\/\/fittingsestandar.com\/wp-content\/uploads\/2021\/12\/firma-pedro-escaneada.png","contentUrl":"https:\/\/fittingsestandar.com\/wp-content\/uploads\/2021\/12\/firma-pedro-escaneada.png"},{"@type":"BreadcrumbList","@id":"https:\/\/fittingsestandar.com\/en\/quality-policy\/#breadcrumb","itemListElement":[{"@type":"ListItem","position":1,"name":"Inicio","item":"https:\/\/fittingsestandar.com\/en\/"},{"@type":"ListItem","position":2,"name":"Quality policy"}]},{"@type":"WebSite","@id":"https:\/\/fittingsestandar.com\/#website","url":"https:\/\/fittingsestandar.com\/","name":"Fittings Est\u00e1ndar","description":"Fittings Est\u00e1ndar es una compa\u00f1\u00eda espa\u00f1ola l\u00edder en el dise\u00f1o y fabricaci\u00f3n de sistemas flexibles de fontaner\u00eda, calefacci\u00f3n y climatizaci\u00f3n para la instalaci\u00f3n profesional.","publisher":{"@id":"https:\/\/fittingsestandar.com\/#organization"},"potentialAction":[{"@type":"SearchAction","target":{"@type":"EntryPoint","urlTemplate":"https:\/\/fittingsestandar.com\/?s={search_term_string}"},"query-input":{"@type":"PropertyValueSpecification","valueRequired":true,"valueName":"search_term_string"}}],"inLanguage":"en-US"},{"@type":"Organization","@id":"https:\/\/fittingsestandar.com\/#organization","name":"Fittings Est\u00e1ndar","url":"https:\/\/fittingsestandar.com\/","logo":{"@type":"ImageObject","inLanguage":"en-US","@id":"https:\/\/fittingsestandar.com\/#\/schema\/logo\/image\/","url":"https:\/\/fittingsestandar.com\/wp-content\/uploads\/2021\/05\/Logotipo_Color-01.jpg","contentUrl":"https:\/\/fittingsestandar.com\/wp-content\/uploads\/2021\/05\/Logotipo_Color-01.jpg","width":3544,"height":3545,"caption":"Fittings Est\u00e1ndar"},"image":{"@id":"https:\/\/fittingsestandar.com\/#\/schema\/logo\/image\/"},"sameAs":["https:\/\/www.facebook.com\/Fittings-Est\u00e1ndar-101409335247461","https:\/\/www.instagram.com\/fittingsestandar\/","https:\/\/www.linkedin.com\/company\/fittings-estandar"]}]}},"_links":{"self":[{"href":"https:\/\/fittingsestandar.com\/en\/wp-json\/wp\/v2\/pages\/14480","targetHints":{"allow":["GET"]}}],"collection":[{"href":"https:\/\/fittingsestandar.com\/en\/wp-json\/wp\/v2\/pages"}],"about":[{"href":"https:\/\/fittingsestandar.com\/en\/wp-json\/wp\/v2\/types\/page"}],"author":[{"embeddable":true,"href":"https:\/\/fittingsestandar.com\/en\/wp-json\/wp\/v2\/users\/3"}],"replies":[{"embeddable":true,"href":"https:\/\/fittingsestandar.com\/en\/wp-json\/wp\/v2\/comments?post=14480"}],"version-history":[{"count":1,"href":"https:\/\/fittingsestandar.com\/en\/wp-json\/wp\/v2\/pages\/14480\/revisions"}],"predecessor-version":[{"id":14481,"href":"https:\/\/fittingsestandar.com\/en\/wp-json\/wp\/v2\/pages\/14480\/revisions\/14481"}],"wp:attachment":[{"href":"https:\/\/fittingsestandar.com\/en\/wp-json\/wp\/v2\/media?parent=14480"}],"curies":[{"name":"wp","href":"https:\/\/api.w.org\/{rel}","templated":true}]}}