{"id":14474,"date":"2021-05-13T12:58:04","date_gmt":"2021-05-13T12:58:04","guid":{"rendered":"https:\/\/fittingsestandar.com\/politica-privacidad\/"},"modified":"2023-02-20T11:27:10","modified_gmt":"2023-02-20T11:27:10","slug":"privacy-policy","status":"publish","type":"page","link":"https:\/\/fittingsestandar.com\/en\/privacy-policy\/","title":{"rendered":"Privacy policy"},"content":{"rendered":"<div class=\"index_cont\">\n<h2 class=\"size5 negrita\">Pol\u00edtica de privacidad<\/h2>\n<div class=\"tjustify line_height2\">\n<p>En FITTINGS ESTANDAR SL nos preocupamos por la privacidad y la transparencia.<\/p>\n<p>A continuaci\u00f3n, le indicamos en detalle los tratamientos de datos personales que realizamos, as\u00ed<\/p>\n<p>como toda la informaci\u00f3n relativa a los mismos.<\/p>\n<p><strong>Tratamiento de los datos de potenciales clientes y contactos web<\/strong><\/p>\n<p><strong>Informaci\u00f3n b\u00e1sica sobre Protecci\u00f3n de datos<\/strong><\/p>\n<p><strong>Responsable: <\/strong>FITTINGS ESTANDAR SL.<\/p>\n<p><strong>Finalidad: <\/strong>Atender su solicitud y enviarle comunicaciones comerciales.<\/p>\n<p><strong>Legitimaci\u00f3n: <\/strong>Ejecuci\u00f3n de un contrato. Consentimiento del interesado.<\/p>\n<p><strong>Destinatarios: <\/strong>No se ceder\u00e1n datos a terceros, salvo obligaci\u00f3n legal.<\/p>\n<p><strong>Derechos: <\/strong>Tiene derecho a acceder, rectificar y suprimir los datos, as\u00ed como otros derechos, indicados en la informaci\u00f3n adicional, que puede ejercer dirigi\u00e9ndose a la direcci\u00f3n del responsable del tratamiento.<\/p>\n<p><strong>Procedencia: <\/strong>El propio interesado.<\/p>\n<p><strong>Informaci\u00f3n completa sobre Protecci\u00f3n de Datos<\/strong><\/p>\n<p><strong>1. \u00bfQui\u00e9n es el responsable del tratamiento de sus datos?<\/strong><\/p>\n<p>FITTINGS ESTANDAR SL<\/p>\n<p>B02309524<\/p>\n<p>POLIGONO INDUSTRIAL ROMICA AVDA. D 157 &#8211; 02007 &#8211; ALBACETE<\/p>\n<p>967667690<\/p>\n<p>administracion@fittingsestandar.com<\/p>\n<p><strong>2. \u00bfCon qu\u00e9 finalidad tratamos sus datos personales?<\/strong><\/p>\n<p>En FITTINGS ESTANDAR SL tratamos la informaci\u00f3n que nos facilitan las personas interesadas con el fin de atender su solicitud y enviarle comunicaciones comerciales, inclusive por v\u00eda electr\u00f3nica.<\/p>\n<p>No se van a tomar decisiones automatizadas en base a los datos proporcionados.<\/p>\n<p><strong>3. \u00bfPor cu\u00e1nto tiempo conservaremos sus datos?<\/strong><\/p>\n<p>Los datos se conservar\u00e1n mientras el interesado no solicite su supresi\u00f3n.<\/p>\n<p><strong>4. \u00bfCu\u00e1l es la legitimaci\u00f3n para el tratamiento de sus datos?<\/strong><\/p>\n<p>Le indicamos la base legal para el tratamiento de sus datos:<\/p>\n<p>&#8211; Ejecuci\u00f3n de un contrato: Atender su solicitud<\/p>\n<p>&#8211; Consentimiento del interesado: Enviarle comunicaciones comerciales, inclusive por v\u00eda Electr\u00f3nica<\/p>\n<p><strong>5. \u00bfA qu\u00e9 destinatarios se comunicar\u00e1n sus datos?<\/strong><\/p>\n<p>No se ceder\u00e1n datos a terceros, salvo obligaci\u00f3n legal.<\/p>\n<p><strong>6. Transferencias de datos a terceros pa\u00edses<\/strong><\/p>\n<p>No est\u00e1n previstas transferencias de datos a terceros pa\u00edses.<\/p>\n<p><strong>7. \u00bfCu\u00e1les son sus derechos cuando nos facilita sus datos?<\/strong><\/p>\n<p>Cualquier persona tiene derecho a obtener confirmaci\u00f3n sobre si en FITTINGS ESTANDAR SL estamos tratando, o no, datos personales que les conciernan.<\/p>\n<p>Las personas interesadas tienen derecho a acceder a sus datos personales, as\u00ed como a solicitar la rectificaci\u00f3n de los datos inexactos o, en su caso, solicitar su supresi\u00f3n cuando, entre otros motivos, los datos ya no sean necesarios para los fines que fueron recogidos. Igualmente tiene derecho a la portabilidad de sus datos.<\/p>\n<p>En determinadas circunstancias, los interesados podr\u00e1n solicitar la limitaci\u00f3n del tratamiento de sus datos, en cuyo caso \u00fanicamente los conservaremos para el ejercicio o la defensa de reclamaciones.<\/p>\n<p>En determinadas circunstancias y por motivos relacionados con su situaci\u00f3n particular, los interesados podr\u00e1n oponerse al tratamiento de sus datos. En este caso, FITTINGS ESTANDAR SL dejar\u00e1 de tratar los datos, salvo por motivos leg\u00edtimos imperiosos, o el ejercicio o la defensa de posibles reclamaciones.<\/p>\n<p>Podr\u00e1 ejercitar materialmente sus derechos de la siguiente forma: dirigi\u00e9ndose a la direcci\u00f3n del responsable del tratamiento.<\/p>\n<p>Cuando se realice el env\u00edo de comunicaciones comerciales utilizando como base jur\u00eddica el inter\u00e9s leg\u00edtimo del responsable, el interesado podr\u00e1 oponerse al tratamiento de sus datos con ese fin.<\/p>\n<p>Si ha otorgado su consentimiento para alguna finalidad concreta, tiene derecho a retirar el consentimiento otorgado en cualquier momento, sin que ello afecte a la licitud del tratamiento basado en el consentimiento previo a su retirada.<\/p>\n<p>En caso de que sienta vulnerados sus derechos en lo concerniente a la protecci\u00f3n de sus datos personales, especialmente cuando no haya obtenido satisfacci\u00f3n en el ejercicio de sus derechos, puede presentar una reclamaci\u00f3n ante la Autoridad de Control en materia de Protecci\u00f3n de Datos competente a trav\u00e9s de su sitio web: www.aepd.es.<\/p>\n<p><strong>8. \u00bfC\u00f3mo hemos obtenido sus datos?<\/strong><\/p>\n<p>Los datos personales que tratamos en FITTINGS ESTANDAR SL proceden de: El propio interesado.<\/p>\n<p>&nbsp;<\/p>\n<\/div>\n<p><strong>9. AUTORIZACIO\u0301N PUBLICACIO\u0301N DE IMA\u0301GENES Y VIDEOS DE VISITAS POR FITTINGS ESTA\u0301NDAR<\/strong><\/p>\n<\/div>\n<div class=\"page\" title=\"Page 1\">\n<div class=\"layoutArea\">\n<div class=\"column\">\n<p>Con la inclusio\u0301n de las nuevas tecnologi\u0301as dentro de las comunicaciones, publicaciones y acciones comerciales que puede realizar FITTINGS ESTA\u0301NDAR y la posibilidad de que en estas puedan aparecer los datos personales y\/o ima\u0301genes que ha proporcionado a nuestra empresa dentro del vi\u0301nculo laboral existente.<\/p>\n<p>Y dado que el derecho a la propia imagen esta\u0301 reconocido al arti\u0301culo 18 de la Constitucio\u0301n y regulado por la Ley 1\/1982, de 5 de mayo, sobre el derecho al honor, a la intimidad personal y familiar y a la propia imagen y el Reglamento (UE) 2016\/679 del Parlamento Europeo y del Consejo, de 27 de abril de 2016, relativo a la proteccio\u0301n de las personas fi\u0301sicas en lo que respecta al tratamiento de datos personales y a la libre circulacio\u0301n de estos datos,<\/p>\n<p>FITTINGS ESTA\u0301NDAR pide su consentimiento para poder publicar los datos personales que nos ha facilitado o ima\u0301genes\/videos en las cuales aparezcan individualmente o en grupo que con cara\u0301cter comercial se puedan realizar con nuestra empresa.<\/p>\n<p>Con la aceptaci\u00f3n de dicho documento, autorizo a FITTINGS ESTA\u0301NDAR a un uso comercial de mis datos personales facilitados dentro de la relacio\u0301n laboral con nuestra empresa y para poder ser publicados en:<\/p>\n<p>\u00b7 La pa\u0301gina web y perfiles en redes sociales de la empresa.<br \/>\n\u00b7 Filmaciones destinadas a difusio\u0301n comercial.<br \/>\n\u00b7 Fotografi\u0301as para revistas o publicaciones de a\u0301mbito relacionado con nuestro sector.<\/p>\n<\/div>\n<\/div>\n<\/div>\n","protected":false},"excerpt":{"rendered":"<p>Pol\u00edtica de privacidad En FITTINGS ESTANDAR SL nos preocupamos por la privacidad y la transparencia. A continuaci\u00f3n, le indicamos en detalle los tratamientos de datos personales que realizamos, as\u00ed como toda la informaci\u00f3n relativa a los mismos. Tratamiento de los datos de potenciales clientes y contactos web Informaci\u00f3n b\u00e1sica sobre Protecci\u00f3n de datos Responsable: FITTINGS [&hellip;]<\/p>\n","protected":false},"author":1,"featured_media":0,"parent":0,"menu_order":0,"comment_status":"closed","ping_status":"closed","template":"","meta":{"content-type":"","footnotes":"","_links_to":"","_links_to_target":""},"class_list":["post-14474","page","type-page","status-publish","hentry"],"yoast_head":"<!-- This site is optimized with the Yoast SEO plugin v27.4 - https:\/\/yoast.com\/product\/yoast-seo-wordpress\/ -->\n<title>Privacy policy - Fittings Est\u00e1ndar<\/title>\n<meta name=\"robots\" content=\"index, follow, max-snippet:-1, max-image-preview:large, max-video-preview:-1\" \/>\n<link rel=\"canonical\" href=\"https:\/\/fittingsestandar.com\/en\/privacy-policy\/\" \/>\n<meta property=\"og:locale\" content=\"en_US\" \/>\n<meta property=\"og:type\" content=\"article\" \/>\n<meta property=\"og:title\" content=\"Privacy policy - Fittings Est\u00e1ndar\" \/>\n<meta property=\"og:description\" content=\"Pol\u00edtica de privacidad En FITTINGS ESTANDAR SL nos preocupamos por la privacidad y la transparencia. A continuaci\u00f3n, le indicamos en detalle los tratamientos de datos personales que realizamos, as\u00ed como toda la informaci\u00f3n relativa a los mismos. Tratamiento de los datos de potenciales clientes y contactos web Informaci\u00f3n b\u00e1sica sobre Protecci\u00f3n de datos Responsable: FITTINGS [&hellip;]\" \/>\n<meta property=\"og:url\" content=\"https:\/\/fittingsestandar.com\/en\/privacy-policy\/\" \/>\n<meta property=\"og:site_name\" content=\"Fittings Est\u00e1ndar\" \/>\n<meta property=\"article:publisher\" content=\"https:\/\/www.facebook.com\/Fittings-Est%c3%a1ndar-101409335247461\" \/>\n<meta property=\"article:modified_time\" content=\"2023-02-20T11:27:10+00:00\" \/>\n<meta property=\"og:image\" content=\"https:\/\/fittingsestandar.com\/wp-content\/uploads\/2021\/06\/IMG_3445.jpg\" \/>\n\t<meta property=\"og:image:width\" content=\"1920\" \/>\n\t<meta property=\"og:image:height\" content=\"1280\" \/>\n\t<meta property=\"og:image:type\" content=\"image\/jpeg\" \/>\n<meta name=\"twitter:card\" content=\"summary_large_image\" \/>\n<meta name=\"twitter:label1\" content=\"Est. reading time\" \/>\n\t<meta name=\"twitter:data1\" content=\"4 minutes\" \/>\n<script type=\"application\/ld+json\" class=\"yoast-schema-graph\">{\"@context\":\"https:\\\/\\\/schema.org\",\"@graph\":[{\"@type\":\"WebPage\",\"@id\":\"https:\\\/\\\/fittingsestandar.com\\\/en\\\/privacy-policy\\\/\",\"url\":\"https:\\\/\\\/fittingsestandar.com\\\/en\\\/privacy-policy\\\/\",\"name\":\"Privacy policy - Fittings Est\u00e1ndar\",\"isPartOf\":{\"@id\":\"https:\\\/\\\/fittingsestandar.com\\\/#website\"},\"datePublished\":\"2021-05-13T12:58:04+00:00\",\"dateModified\":\"2023-02-20T11:27:10+00:00\",\"breadcrumb\":{\"@id\":\"https:\\\/\\\/fittingsestandar.com\\\/en\\\/privacy-policy\\\/#breadcrumb\"},\"inLanguage\":\"en-US\",\"potentialAction\":[{\"@type\":\"ReadAction\",\"target\":[\"https:\\\/\\\/fittingsestandar.com\\\/en\\\/privacy-policy\\\/\"]}]},{\"@type\":\"BreadcrumbList\",\"@id\":\"https:\\\/\\\/fittingsestandar.com\\\/en\\\/privacy-policy\\\/#breadcrumb\",\"itemListElement\":[{\"@type\":\"ListItem\",\"position\":1,\"name\":\"Inicio\",\"item\":\"https:\\\/\\\/fittingsestandar.com\\\/en\\\/\"},{\"@type\":\"ListItem\",\"position\":2,\"name\":\"Privacy policy\"}]},{\"@type\":\"WebSite\",\"@id\":\"https:\\\/\\\/fittingsestandar.com\\\/#website\",\"url\":\"https:\\\/\\\/fittingsestandar.com\\\/\",\"name\":\"Fittings Est\u00e1ndar\",\"description\":\"Fittings Est\u00e1ndar es una compa\u00f1\u00eda espa\u00f1ola l\u00edder en el dise\u00f1o y fabricaci\u00f3n de sistemas flexibles de fontaner\u00eda, calefacci\u00f3n y climatizaci\u00f3n para la instalaci\u00f3n profesional.\",\"publisher\":{\"@id\":\"https:\\\/\\\/fittingsestandar.com\\\/#organization\"},\"potentialAction\":[{\"@type\":\"SearchAction\",\"target\":{\"@type\":\"EntryPoint\",\"urlTemplate\":\"https:\\\/\\\/fittingsestandar.com\\\/?s={search_term_string}\"},\"query-input\":{\"@type\":\"PropertyValueSpecification\",\"valueRequired\":true,\"valueName\":\"search_term_string\"}}],\"inLanguage\":\"en-US\"},{\"@type\":\"Organization\",\"@id\":\"https:\\\/\\\/fittingsestandar.com\\\/#organization\",\"name\":\"Fittings Est\u00e1ndar\",\"url\":\"https:\\\/\\\/fittingsestandar.com\\\/\",\"logo\":{\"@type\":\"ImageObject\",\"inLanguage\":\"en-US\",\"@id\":\"https:\\\/\\\/fittingsestandar.com\\\/#\\\/schema\\\/logo\\\/image\\\/\",\"url\":\"https:\\\/\\\/fittingsestandar.com\\\/wp-content\\\/uploads\\\/2021\\\/05\\\/Logotipo_Color-01.jpg\",\"contentUrl\":\"https:\\\/\\\/fittingsestandar.com\\\/wp-content\\\/uploads\\\/2021\\\/05\\\/Logotipo_Color-01.jpg\",\"width\":3544,\"height\":3545,\"caption\":\"Fittings Est\u00e1ndar\"},\"image\":{\"@id\":\"https:\\\/\\\/fittingsestandar.com\\\/#\\\/schema\\\/logo\\\/image\\\/\"},\"sameAs\":[\"https:\\\/\\\/www.facebook.com\\\/Fittings-Est\u00e1ndar-101409335247461\",\"https:\\\/\\\/www.instagram.com\\\/fittingsestandar\\\/\",\"https:\\\/\\\/www.linkedin.com\\\/company\\\/fittings-estandar\"]}]}<\/script>\n<!-- \/ Yoast SEO plugin. -->","yoast_head_json":{"title":"Privacy policy - Fittings Est\u00e1ndar","robots":{"index":"index","follow":"follow","max-snippet":"max-snippet:-1","max-image-preview":"max-image-preview:large","max-video-preview":"max-video-preview:-1"},"canonical":"https:\/\/fittingsestandar.com\/en\/privacy-policy\/","og_locale":"en_US","og_type":"article","og_title":"Privacy policy - Fittings Est\u00e1ndar","og_description":"Pol\u00edtica de privacidad En FITTINGS ESTANDAR SL nos preocupamos por la privacidad y la transparencia. A continuaci\u00f3n, le indicamos en detalle los tratamientos de datos personales que realizamos, as\u00ed como toda la informaci\u00f3n relativa a los mismos. Tratamiento de los datos de potenciales clientes y contactos web Informaci\u00f3n b\u00e1sica sobre Protecci\u00f3n de datos Responsable: FITTINGS [&hellip;]","og_url":"https:\/\/fittingsestandar.com\/en\/privacy-policy\/","og_site_name":"Fittings Est\u00e1ndar","article_publisher":"https:\/\/www.facebook.com\/Fittings-Est%c3%a1ndar-101409335247461","article_modified_time":"2023-02-20T11:27:10+00:00","og_image":[{"width":1920,"height":1280,"url":"https:\/\/fittingsestandar.com\/wp-content\/uploads\/2021\/06\/IMG_3445.jpg","type":"image\/jpeg"}],"twitter_card":"summary_large_image","twitter_misc":{"Est. reading time":"4 minutes"},"schema":{"@context":"https:\/\/schema.org","@graph":[{"@type":"WebPage","@id":"https:\/\/fittingsestandar.com\/en\/privacy-policy\/","url":"https:\/\/fittingsestandar.com\/en\/privacy-policy\/","name":"Privacy policy - Fittings Est\u00e1ndar","isPartOf":{"@id":"https:\/\/fittingsestandar.com\/#website"},"datePublished":"2021-05-13T12:58:04+00:00","dateModified":"2023-02-20T11:27:10+00:00","breadcrumb":{"@id":"https:\/\/fittingsestandar.com\/en\/privacy-policy\/#breadcrumb"},"inLanguage":"en-US","potentialAction":[{"@type":"ReadAction","target":["https:\/\/fittingsestandar.com\/en\/privacy-policy\/"]}]},{"@type":"BreadcrumbList","@id":"https:\/\/fittingsestandar.com\/en\/privacy-policy\/#breadcrumb","itemListElement":[{"@type":"ListItem","position":1,"name":"Inicio","item":"https:\/\/fittingsestandar.com\/en\/"},{"@type":"ListItem","position":2,"name":"Privacy policy"}]},{"@type":"WebSite","@id":"https:\/\/fittingsestandar.com\/#website","url":"https:\/\/fittingsestandar.com\/","name":"Fittings Est\u00e1ndar","description":"Fittings Est\u00e1ndar es una compa\u00f1\u00eda espa\u00f1ola l\u00edder en el dise\u00f1o y fabricaci\u00f3n de sistemas flexibles de fontaner\u00eda, calefacci\u00f3n y climatizaci\u00f3n para la instalaci\u00f3n profesional.","publisher":{"@id":"https:\/\/fittingsestandar.com\/#organization"},"potentialAction":[{"@type":"SearchAction","target":{"@type":"EntryPoint","urlTemplate":"https:\/\/fittingsestandar.com\/?s={search_term_string}"},"query-input":{"@type":"PropertyValueSpecification","valueRequired":true,"valueName":"search_term_string"}}],"inLanguage":"en-US"},{"@type":"Organization","@id":"https:\/\/fittingsestandar.com\/#organization","name":"Fittings Est\u00e1ndar","url":"https:\/\/fittingsestandar.com\/","logo":{"@type":"ImageObject","inLanguage":"en-US","@id":"https:\/\/fittingsestandar.com\/#\/schema\/logo\/image\/","url":"https:\/\/fittingsestandar.com\/wp-content\/uploads\/2021\/05\/Logotipo_Color-01.jpg","contentUrl":"https:\/\/fittingsestandar.com\/wp-content\/uploads\/2021\/05\/Logotipo_Color-01.jpg","width":3544,"height":3545,"caption":"Fittings Est\u00e1ndar"},"image":{"@id":"https:\/\/fittingsestandar.com\/#\/schema\/logo\/image\/"},"sameAs":["https:\/\/www.facebook.com\/Fittings-Est\u00e1ndar-101409335247461","https:\/\/www.instagram.com\/fittingsestandar\/","https:\/\/www.linkedin.com\/company\/fittings-estandar"]}]}},"_links":{"self":[{"href":"https:\/\/fittingsestandar.com\/en\/wp-json\/wp\/v2\/pages\/14474","targetHints":{"allow":["GET"]}}],"collection":[{"href":"https:\/\/fittingsestandar.com\/en\/wp-json\/wp\/v2\/pages"}],"about":[{"href":"https:\/\/fittingsestandar.com\/en\/wp-json\/wp\/v2\/types\/page"}],"author":[{"embeddable":true,"href":"https:\/\/fittingsestandar.com\/en\/wp-json\/wp\/v2\/users\/1"}],"replies":[{"embeddable":true,"href":"https:\/\/fittingsestandar.com\/en\/wp-json\/wp\/v2\/comments?post=14474"}],"version-history":[{"count":1,"href":"https:\/\/fittingsestandar.com\/en\/wp-json\/wp\/v2\/pages\/14474\/revisions"}],"predecessor-version":[{"id":14475,"href":"https:\/\/fittingsestandar.com\/en\/wp-json\/wp\/v2\/pages\/14474\/revisions\/14475"}],"wp:attachment":[{"href":"https:\/\/fittingsestandar.com\/en\/wp-json\/wp\/v2\/media?parent=14474"}],"curies":[{"name":"wp","href":"https:\/\/api.w.org\/{rel}","templated":true}]}}